{"id":11970,"date":"2020-08-10T17:55:48","date_gmt":"2020-08-10T15:55:48","guid":{"rendered":"https:\/\/www.oudadl.testontwikkeling.nl\/?post_type=product&#038;p=11970"},"modified":"2025-12-04T21:41:14","modified_gmt":"2025-12-04T20:41:14","slug":"led-streifen-12-volt-rgb-5050-ip65-25-meter","status":"publish","type":"product","link":"https:\/\/www.oudadl.testontwikkeling.nl\/de\/product\/led-strip-12-volt-rgb-5050-ip65-25-meter\/","title":{"rendered":"LED-Streifen 12 Volt RGB 5050 IP65 2,5 Meter"},"content":{"rendered":"<p><span style=\"color: #000000;\"><strong>LED Strip 5050 IP65 (mit Silikonschicht) 2,5 Meter RGB, geeignet f\u00fcr 12 Volt Einsatz.\u00a0<\/strong><\/span><\/p>\n<p><span style=\"color: #000000;\">Suchen Sie einen LED-Streifen, den Sie beispielsweise in Ihrem Auto, Wohnmobil oder Anh\u00e4nger montieren k\u00f6nnen? Aber auch eines, bei dem man die Farbe per Fernbedienung \u00e4ndern kann? Dann k\u00f6nnte dieser IP65 LED-Streifen RGB der LED-Streifen sein, den Sie suchen. Der 5050 LED-Streifen RGB hat 60 LEDs pro Meter. Und in 10-Zentimeter-Schritten k\u00fcrzbar. Der LED-Streifen verf\u00fcgt \u00fcber die Wasserdichtigkeitsart IP65, was bedeutet, dass sich auf dem Streifen eine Silikonschicht befindet und er somit spritzwassergesch\u00fctzt ist. Dadurch ist der Streifen f\u00fcr den Innen- und Au\u00dfenbereich geeignet. Bitte beachten Sie, dass die Verbindung NICHT wasserdicht f\u00fcr den Au\u00dfenbereich ist. Der LED Strip RGB kann nur mit 12 Volt verwendet werden. Das bedeutet, dass Sie diese LED-Beleuchtung beispielsweise nur f\u00fcr Ihr Auto, Wohnmobil, Anh\u00e4nger oder Traktor verwenden k\u00f6nnen.<\/span><\/p>\n<p><span style=\"color: #000000;\">Um sicherzustellen, dass die 12 Volt LED Leiste f\u00fcr Ihr Fahrzeug, Wohnmobil oder Anh\u00e4nger geeignet ist, haben wir unten eine Reihe von Spezifikationen geschrieben. All dies, um Ihnen zu verdeutlichen, warum dies der LED-Streifen sein k\u00f6nnte, den Sie suchen. Der LED-Streifen ist unter anderem mit dem ECE-R10-G\u00fctezeichen versehen. Dieses G\u00fctezeichen bedeutet, dass die Leuchte beim Einschalten keine St\u00f6rungen verursacht, beispielsweise auf Ihrem Funksignal. Nicht unwichtig ist auch, dass die LED-Leiste mit 50 Zentimeter Anschlusskabel und Fernbedienung geliefert wird. So k\u00f6nnen Sie den LED-Streifen einfach an der Stelle Ihrer Wahl anschlie\u00dfen und farblich fixieren. Kurz gesagt, dieser LED-Streifen ist perfekt f\u00fcr den Einsatz in Ihrem Auto, Traktor, Wohnmobil oder Anh\u00e4nger.\u00a0<\/span><\/p>\n<h5><span style=\"color: #000000;\"><strong>Abmessungen:<\/strong><\/span><\/h5>\n<p><span style=\"color: #000000;\">Um sicherzustellen, dass Sie den 12 Volt LED Strip RGB dort montieren k\u00f6nnen, wo Sie m\u00f6chten, haben wir uns die Ma\u00dfe unten notiert. Die Abmessungen des RGB LED-Streifens sind wie folgt:<\/span><\/p>\n<ul>\n<li><span style=\"color: #000000;\">L\u00e4nge: 2,5 Meter<\/span><\/li>\n<li><span style=\"color: #000000;\">Breite: 10 mm<\/span><\/li>\n<li><span style=\"color: #000000;\">Dicke: 6 mm<\/span><\/li>\n<\/ul>\n<h5><span style=\"color: #000000;\"><strong>Andere Version:<\/strong><\/span><\/h5>\n<p><span style=\"color: #000000;\">Sie suchen einen LED-Streifen, m\u00f6chten aber nicht die Version mit Silikonschicht? Dann wissen Sie, dass der 12 Volt LED Strip RGB auch ohne Silikonschicht erh\u00e4ltlich ist. Die 2,5 Meter Version ohne Silikonschicht finden Sie hier:\u00a0<\/span><\/p>\n<ul>\n<li><span style=\"color: #000000;\"><a style=\"color: #000000;\" href=\"https:\/\/www.oudadl.testontwikkeling.nl\/de\/produkt\/led-streifen-12-volt-rgb-5050-ip33-25-meter\/\"><b>LED Streifen 12 Volt RGB \u2013 IP33<\/b><\/a><\/span><\/li>\n<\/ul>\n<p><span style=\"color: #000000;\">Sind Sie der Meinung, dass der LED-Streifen nicht das ist, was Sie suchen? Einfach weil die Farbe oder L\u00e4nge des Streifens nicht Ihren Vorstellungen entspricht? Schaut unbedingt auf unserer Seite vorbei <a style=\"color: #000000;\" href=\"https:\/\/www.oudadl.testontwikkeling.nl\/de\/produkt-kategorie\/beleuchtung\/verlichting-12-volt\/led-strip-12-volt\/\">LED Streifen 12 Volt<\/a>. Hier finden Sie m\u00f6glicherweise das Modell LED, das Sie suchen.\u00a0<\/span><\/p>","protected":false},"excerpt":{"rendered":"<p>LED strip 5050 IP65 (met silicone laag) 2,5 meter RGB, geschikt voor 12 volt gebruik.\u00a0 Bent u opzoek naar een LED strip die u kunt monteren in bijvoorbeeld uw auto, camper of aanhanger? Maar ook een die u d.m.v. een afstandsbediening van kleur kunt laten wisselen? Dan is deze IP65 LED strip RGB wellicht d\u00e9 [&hellip;]<\/p>\n","protected":false},"featured_media":12009,"comment_status":"open","ping_status":"closed","template":"","meta":{"_acf_changed":false,"site-sidebar-layout":"default","site-content-layout":"default","ast-site-content-layout":"default","site-content-style":"default","site-sidebar-style":"default","ast-global-header-display":"","ast-banner-title-visibility":"","ast-main-header-display":"","ast-hfb-above-header-display":"","ast-hfb-below-header-display":"","ast-hfb-mobile-header-display":"","site-post-title":"","ast-breadcrumbs-content":"","ast-featured-img":"","footer-sml-layout":"","ast-disable-related-posts":"","theme-transparent-header-meta":"default","adv-header-id-meta":"","stick-header-meta":"","header-above-stick-meta":"","header-main-stick-meta":"","header-below-stick-meta":"","astra-migrate-meta-layouts":"set","ast-page-background-enabled":"default","ast-page-background-meta":{"desktop":{"background-color":"","background-image":"","background-repeat":"repeat","background-position":"center center","background-size":"auto","background-attachment":"scroll","background-type":"","background-media":"","overlay-type":"","overlay-color":"","overlay-opacity":"","overlay-gradient":""},"tablet":{"background-color":"","background-image":"","background-repeat":"repeat","background-position":"center center","background-size":"auto","background-attachment":"scroll","background-type":"","background-media":"","overlay-type":"","overlay-color":"","overlay-opacity":"","overlay-gradient":""},"mobile":{"background-color":"","background-image":"","background-repeat":"repeat","background-position":"center center","background-size":"auto","background-attachment":"scroll","background-type":"","background-media":"","overlay-type":"","overlay-color":"","overlay-opacity":"","overlay-gradient":""}},"ast-content-background-meta":{"desktop":{"background-color":"var(--ast-global-color-5)","background-image":"","background-repeat":"repeat","background-position":"center center","background-size":"auto","background-attachment":"scroll","background-type":"","background-media":"","overlay-type":"","overlay-color":"","overlay-opacity":"","overlay-gradient":""},"tablet":{"background-color":"var(--ast-global-color-5)","background-image":"","background-repeat":"repeat","background-position":"center center","background-size":"auto","background-attachment":"scroll","background-type":"","background-media":"","overlay-type":"","overlay-color":"","overlay-opacity":"","overlay-gradient":""},"mobile":{"background-color":"var(--ast-global-color-5)","background-image":"","background-repeat":"repeat","background-position":"center center","background-size":"auto","background-attachment":"scroll","background-type":"","background-media":"","overlay-type":"","overlay-color":"","overlay-opacity":"","overlay-gradient":""}}},"product_brand":[],"product_cat":[341],"product_tag":[5199,6387,5202,5200,5204,4211],"class_list":{"0":"post-11970","1":"product","2":"type-product","3":"status-publish","4":"has-post-thumbnail","6":"product_cat-led-strip-12-volt","7":"product_tag-led-strip-12-volt","8":"product_tag-led-strip-12-volt-rgb","9":"product_tag-led-strip-12v","10":"product_tag-led-strip-auto","11":"product_tag-led-strip-interieur","12":"product_tag-led-strip-rgb","13":"pa_merkk-product-all-day-led","14":"desktop-align-left","15":"tablet-align-left","16":"mobile-align-left","18":"first","19":"instock","20":"taxable","21":"shipping-taxable","22":"purchasable","23":"product-type-simple"},"acf":[],"yoast_head":"<!-- This site is optimized with the Yoast SEO Premium plugin v25.9 (Yoast SEO v27.6) - https:\/\/yoast.com\/product\/yoast-seo-premium-wordpress\/ -->\n<title>12 Volt strip RGB 5050 LED&#039;s - IP65 - 2,5 meter - All Day Led<\/title>\n<meta name=\"description\" content=\"LED strip 12 volt RGB IP65 - auto, camper en tractor interieur - in kleur verlichte ruimte - met silicone laag - LED strip 12v - extra fel\" \/>\n<meta name=\"robots\" content=\"noindex, follow, max-snippet:-1, max-image-preview:large, max-video-preview:-1\" \/>\n<meta property=\"og:locale\" content=\"de_DE\" \/>\n<meta property=\"og:type\" content=\"article\" \/>\n<meta property=\"og:title\" content=\"12 Volt strip RGB 5050 LED&#039;s - IP65 - 2,5 meter - All Day Led\" \/>\n<meta property=\"og:description\" content=\"LED strip 12 volt RGB IP65 - auto, camper en tractor interieur - in kleur verlichte ruimte - met silicone laag - LED strip 12v - extra fel\" \/>\n<meta property=\"og:url\" content=\"https:\/\/www.oudadl.testontwikkeling.nl\/de\/produkt\/led-streifen-12-volt-rgb-5050-ip65-25-meter\/\" \/>\n<meta property=\"og:site_name\" content=\"All Day Led\" \/>\n<meta property=\"article:publisher\" content=\"https:\/\/www.facebook.com\/alldayled\/\" \/>\n<meta property=\"article:modified_time\" content=\"2025-12-04T20:41:14+00:00\" \/>\n<meta property=\"og:image\" content=\"https:\/\/www.oudadl.testontwikkeling.nl\/wp-content\/uploads\/2020\/11\/ADL655025-RGB12V.jpg\" \/>\n\t<meta property=\"og:image:width\" content=\"800\" \/>\n\t<meta property=\"og:image:height\" content=\"600\" \/>\n\t<meta property=\"og:image:type\" content=\"image\/jpeg\" \/>\n<meta name=\"twitter:label1\" content=\"Preis\" \/>\n\t<meta name=\"twitter:data1\" content=\"&euro;25,00\" \/>\n\t<meta name=\"twitter:label2\" content=\"Verf\u00fcgbarkeit\" \/>\n\t<meta name=\"twitter:data2\" content=\"Auf Lager\" \/>\n<script type=\"application\/ld+json\" class=\"yoast-schema-graph\">{\"@context\":\"https:\\\/\\\/schema.org\",\"@graph\":[{\"@type\":\"WebPage\",\"@id\":\"https:\\\/\\\/www.oudadl.testontwikkeling.nl\\\/product\\\/led-strip-12-volt-rgb-5050-ip65-25-meter\\\/\",\"url\":\"https:\\\/\\\/www.oudadl.testontwikkeling.nl\\\/product\\\/led-strip-12-volt-rgb-5050-ip65-25-meter\\\/\",\"name\":\"12 Volt strip RGB 5050 LED's - IP65 - 2,5 meter - All Day Led\",\"isPartOf\":{\"@id\":\"https:\\\/\\\/www.oudadl.testontwikkeling.nl\\\/#website\"},\"primaryImageOfPage\":{\"@id\":\"https:\\\/\\\/www.oudadl.testontwikkeling.nl\\\/product\\\/led-strip-12-volt-rgb-5050-ip65-25-meter\\\/#primaryimage\"},\"image\":{\"@id\":\"https:\\\/\\\/www.oudadl.testontwikkeling.nl\\\/product\\\/led-strip-12-volt-rgb-5050-ip65-25-meter\\\/#primaryimage\"},\"thumbnailUrl\":\"https:\\\/\\\/www.oudadl.testontwikkeling.nl\\\/wp-content\\\/uploads\\\/2020\\\/11\\\/ADL655025-RGB12V.jpg\",\"datePublished\":\"2020-08-10T15:55:48+00:00\",\"dateModified\":\"2025-12-04T20:41:14+00:00\",\"description\":\"LED strip 12 volt RGB IP65 - auto, camper en tractor interieur - in kleur verlichte ruimte - met silicone laag - LED strip 12v - extra fel\",\"breadcrumb\":{\"@id\":\"https:\\\/\\\/www.oudadl.testontwikkeling.nl\\\/product\\\/led-strip-12-volt-rgb-5050-ip65-25-meter\\\/#breadcrumb\"},\"inLanguage\":\"de\",\"potentialAction\":[{\"@type\":\"ReadAction\",\"target\":[\"https:\\\/\\\/www.oudadl.testontwikkeling.nl\\\/product\\\/led-strip-12-volt-rgb-5050-ip65-25-meter\\\/\"]}]},{\"@type\":\"ImageObject\",\"inLanguage\":\"de\",\"@id\":\"https:\\\/\\\/www.oudadl.testontwikkeling.nl\\\/product\\\/led-strip-12-volt-rgb-5050-ip65-25-meter\\\/#primaryimage\",\"url\":\"https:\\\/\\\/www.oudadl.testontwikkeling.nl\\\/wp-content\\\/uploads\\\/2020\\\/11\\\/ADL655025-RGB12V.jpg\",\"contentUrl\":\"https:\\\/\\\/www.oudadl.testontwikkeling.nl\\\/wp-content\\\/uploads\\\/2020\\\/11\\\/ADL655025-RGB12V.jpg\",\"width\":800,\"height\":600,\"caption\":\"RGB LED strip 12 volt met silicone laag - voor auto, aanhanger, camper, boot en meer - EAN: 6090430541529\"},{\"@type\":\"BreadcrumbList\",\"@id\":\"https:\\\/\\\/www.oudadl.testontwikkeling.nl\\\/product\\\/led-strip-12-volt-rgb-5050-ip65-25-meter\\\/#breadcrumb\",\"itemListElement\":[{\"@type\":\"ListItem\",\"position\":1,\"name\":\"Home\",\"item\":\"https:\\\/\\\/www.oudadl.testontwikkeling.nl\\\/\"},{\"@type\":\"ListItem\",\"position\":2,\"name\":\"Shop\",\"item\":\"https:\\\/\\\/www.oudadl.testontwikkeling.nl\\\/de\\\/shop\\\/\"},{\"@type\":\"ListItem\",\"position\":3,\"name\":\"Verlichting\",\"item\":\"https:\\\/\\\/www.oudadl.testontwikkeling.nl\\\/product-categorie\\\/verlichting\\\/\"},{\"@type\":\"ListItem\",\"position\":4,\"name\":\"Verlichting 12 Volt\",\"item\":\"https:\\\/\\\/www.oudadl.testontwikkeling.nl\\\/product-categorie\\\/verlichting\\\/verlichting-12-volt\\\/\"},{\"@type\":\"ListItem\",\"position\":5,\"name\":\"LED strip 12 Volt\",\"item\":\"https:\\\/\\\/www.oudadl.testontwikkeling.nl\\\/product-categorie\\\/verlichting\\\/verlichting-12-volt\\\/led-strip-12-volt\\\/\"},{\"@type\":\"ListItem\",\"position\":6,\"name\":\"LED strip 12 volt RGB 5050 IP65 2,5 meter\"}]},{\"@type\":\"WebSite\",\"@id\":\"https:\\\/\\\/www.oudadl.testontwikkeling.nl\\\/#website\",\"url\":\"https:\\\/\\\/www.oudadl.testontwikkeling.nl\\\/\",\"name\":\"All Day Led\",\"description\":\"\",\"publisher\":{\"@id\":\"https:\\\/\\\/www.oudadl.testontwikkeling.nl\\\/#organization\"},\"potentialAction\":[{\"@type\":\"SearchAction\",\"target\":{\"@type\":\"EntryPoint\",\"urlTemplate\":\"https:\\\/\\\/www.oudadl.testontwikkeling.nl\\\/?s={search_term_string}\"},\"query-input\":{\"@type\":\"PropertyValueSpecification\",\"valueRequired\":true,\"valueName\":\"search_term_string\"}}],\"inLanguage\":\"de\"},{\"@type\":\"Organization\",\"@id\":\"https:\\\/\\\/www.oudadl.testontwikkeling.nl\\\/#organization\",\"name\":\"All Day Led\",\"url\":\"https:\\\/\\\/www.oudadl.testontwikkeling.nl\\\/\",\"logo\":{\"@type\":\"ImageObject\",\"inLanguage\":\"de\",\"@id\":\"https:\\\/\\\/www.oudadl.testontwikkeling.nl\\\/#\\\/schema\\\/logo\\\/image\\\/\",\"url\":\"https:\\\/\\\/www.oudadl.testontwikkeling.nl\\\/wp-content\\\/uploads\\\/2022\\\/08\\\/Logo-ALL-DAY-LED-800x800-zwart-witte-letters.png\",\"contentUrl\":\"https:\\\/\\\/www.oudadl.testontwikkeling.nl\\\/wp-content\\\/uploads\\\/2022\\\/08\\\/Logo-ALL-DAY-LED-800x800-zwart-witte-letters.png\",\"width\":800,\"height\":800,\"caption\":\"All Day Led\"},\"image\":{\"@id\":\"https:\\\/\\\/www.oudadl.testontwikkeling.nl\\\/#\\\/schema\\\/logo\\\/image\\\/\"},\"sameAs\":[\"https:\\\/\\\/www.facebook.com\\\/alldayled\\\/\",\"https:\\\/\\\/www.instagram.com\\\/alldayled\\\/\"],\"vatID\":\"NL863960133B01\",\"taxID\":\"86416545\",\"hasMerchantReturnPolicy\":{\"@type\":\"MerchantReturnPolicy\",\"merchantReturnLink\":\"https:\\\/\\\/www.oudadl.testontwikkeling.nl\\\/de\\\/verzenden-retourneren\\\/\"}}]}<\/script>\n<meta property=\"product:brand\" content=\"All Day Led\" \/>\n<meta property=\"product:price:amount\" content=\"25.00\" \/>\n<meta property=\"product:price:currency\" content=\"EUR\" \/>\n<meta property=\"og:availability\" content=\"instock\" \/>\n<meta property=\"product:availability\" content=\"instock\" \/>\n<meta property=\"product:retailer_item_id\" content=\"ADL655025-RGB12V\" \/>\n<meta property=\"product:condition\" content=\"new\" \/>\n<!-- \/ Yoast SEO Premium plugin. -->","yoast_head_json":{"title":"12 Volt Streifen RGB 5050 LEDs - IP65 - 2,5 Meter - All Day Led","description":"LED Streifen 12 Volt RGB IP65 - Auto-, Wohnmobil- und Traktorinnenraum - farbig beleuchteter Raum - mit Silikonschicht - LED Streifen 12V - extra hell","robots":{"index":"noindex","follow":"follow","max-snippet":"max-snippet:-1","max-image-preview":"max-image-preview:large","max-video-preview":"max-video-preview:-1"},"og_locale":"de_DE","og_type":"article","og_title":"12 Volt strip RGB 5050 LED's - IP65 - 2,5 meter - All Day Led","og_description":"LED strip 12 volt RGB IP65 - auto, camper en tractor interieur - in kleur verlichte ruimte - met silicone laag - LED strip 12v - extra fel","og_url":"https:\/\/www.oudadl.testontwikkeling.nl\/de\/produkt\/led-streifen-12-volt-rgb-5050-ip65-25-meter\/","og_site_name":"All Day Led","article_publisher":"https:\/\/www.facebook.com\/alldayled\/","article_modified_time":"2025-12-04T20:41:14+00:00","og_image":[{"width":800,"height":600,"url":"https:\/\/www.oudadl.testontwikkeling.nl\/wp-content\/uploads\/2020\/11\/ADL655025-RGB12V.jpg","type":"image\/jpeg"}],"twitter_misc":{"Preis":"&euro;25,00","Verf\u00fcgbarkeit":"Auf Lager"},"schema":{"@context":"https:\/\/schema.org","@graph":[{"@type":"WebPage","@id":"https:\/\/www.oudadl.testontwikkeling.nl\/product\/led-strip-12-volt-rgb-5050-ip65-25-meter\/","url":"https:\/\/www.oudadl.testontwikkeling.nl\/product\/led-strip-12-volt-rgb-5050-ip65-25-meter\/","name":"12 Volt Streifen RGB 5050 LEDs - IP65 - 2,5 Meter - All Day Led","isPartOf":{"@id":"https:\/\/www.oudadl.testontwikkeling.nl\/#website"},"primaryImageOfPage":{"@id":"https:\/\/www.oudadl.testontwikkeling.nl\/product\/led-strip-12-volt-rgb-5050-ip65-25-meter\/#primaryimage"},"image":{"@id":"https:\/\/www.oudadl.testontwikkeling.nl\/product\/led-strip-12-volt-rgb-5050-ip65-25-meter\/#primaryimage"},"thumbnailUrl":"https:\/\/www.oudadl.testontwikkeling.nl\/wp-content\/uploads\/2020\/11\/ADL655025-RGB12V.jpg","datePublished":"2020-08-10T15:55:48+00:00","dateModified":"2025-12-04T20:41:14+00:00","description":"LED Streifen 12 Volt RGB IP65 - Auto-, Wohnmobil- und Traktorinnenraum - farbig beleuchteter Raum - mit Silikonschicht - LED Streifen 12V - extra hell","breadcrumb":{"@id":"https:\/\/www.oudadl.testontwikkeling.nl\/product\/led-strip-12-volt-rgb-5050-ip65-25-meter\/#breadcrumb"},"inLanguage":"de","potentialAction":[{"@type":"ReadAction","target":["https:\/\/www.oudadl.testontwikkeling.nl\/product\/led-strip-12-volt-rgb-5050-ip65-25-meter\/"]}]},{"@type":"ImageObject","inLanguage":"de","@id":"https:\/\/www.oudadl.testontwikkeling.nl\/product\/led-strip-12-volt-rgb-5050-ip65-25-meter\/#primaryimage","url":"https:\/\/www.oudadl.testontwikkeling.nl\/wp-content\/uploads\/2020\/11\/ADL655025-RGB12V.jpg","contentUrl":"https:\/\/www.oudadl.testontwikkeling.nl\/wp-content\/uploads\/2020\/11\/ADL655025-RGB12V.jpg","width":800,"height":600,"caption":"RGB LED strip 12 volt met silicone laag - voor auto, aanhanger, camper, boot en meer - EAN: 6090430541529"},{"@type":"BreadcrumbList","@id":"https:\/\/www.oudadl.testontwikkeling.nl\/product\/led-strip-12-volt-rgb-5050-ip65-25-meter\/#breadcrumb","itemListElement":[{"@type":"ListItem","position":1,"name":"Home","item":"https:\/\/www.oudadl.testontwikkeling.nl\/"},{"@type":"ListItem","position":2,"name":"Shop","item":"https:\/\/www.oudadl.testontwikkeling.nl\/de\/shop\/"},{"@type":"ListItem","position":3,"name":"Verlichting","item":"https:\/\/www.oudadl.testontwikkeling.nl\/product-categorie\/verlichting\/"},{"@type":"ListItem","position":4,"name":"Verlichting 12 Volt","item":"https:\/\/www.oudadl.testontwikkeling.nl\/product-categorie\/verlichting\/verlichting-12-volt\/"},{"@type":"ListItem","position":5,"name":"LED strip 12 Volt","item":"https:\/\/www.oudadl.testontwikkeling.nl\/product-categorie\/verlichting\/verlichting-12-volt\/led-strip-12-volt\/"},{"@type":"ListItem","position":6,"name":"LED strip 12 volt RGB 5050 IP65 2,5 meter"}]},{"@type":"WebSite","@id":"https:\/\/www.oudadl.testontwikkeling.nl\/#website","url":"https:\/\/www.oudadl.testontwikkeling.nl\/","name":"All Day Led","description":"","publisher":{"@id":"https:\/\/www.oudadl.testontwikkeling.nl\/#organization"},"potentialAction":[{"@type":"SearchAction","target":{"@type":"EntryPoint","urlTemplate":"https:\/\/www.oudadl.testontwikkeling.nl\/?s={search_term_string}"},"query-input":{"@type":"PropertyValueSpecification","valueRequired":true,"valueName":"search_term_string"}}],"inLanguage":"de"},{"@type":"Organization","@id":"https:\/\/www.oudadl.testontwikkeling.nl\/#organization","name":"All Day Led","url":"https:\/\/www.oudadl.testontwikkeling.nl\/","logo":{"@type":"ImageObject","inLanguage":"de","@id":"https:\/\/www.oudadl.testontwikkeling.nl\/#\/schema\/logo\/image\/","url":"https:\/\/www.oudadl.testontwikkeling.nl\/wp-content\/uploads\/2022\/08\/Logo-ALL-DAY-LED-800x800-zwart-witte-letters.png","contentUrl":"https:\/\/www.oudadl.testontwikkeling.nl\/wp-content\/uploads\/2022\/08\/Logo-ALL-DAY-LED-800x800-zwart-witte-letters.png","width":800,"height":800,"caption":"All Day Led"},"image":{"@id":"https:\/\/www.oudadl.testontwikkeling.nl\/#\/schema\/logo\/image\/"},"sameAs":["https:\/\/www.facebook.com\/alldayled\/","https:\/\/www.instagram.com\/alldayled\/"],"vatID":"NL863960133B01","taxID":"86416545","hasMerchantReturnPolicy":{"@type":"MerchantReturnPolicy","merchantReturnLink":"https:\/\/www.oudadl.testontwikkeling.nl\/de\/verzenden-retourneren\/"}}]},"product_brand":"All Day Led","product_price_amount":"25.00","product_price_currency":"EUR","og_availability":"instock","product_availability":"instock","product_retailer_item_id":"ADL655025-RGB12V","product_condition":"new"},"_links":{"self":[{"href":"https:\/\/www.oudadl.testontwikkeling.nl\/de\/wp-json\/wp\/v2\/product\/11970","targetHints":{"allow":["GET"]}}],"collection":[{"href":"https:\/\/www.oudadl.testontwikkeling.nl\/de\/wp-json\/wp\/v2\/product"}],"about":[{"href":"https:\/\/www.oudadl.testontwikkeling.nl\/de\/wp-json\/wp\/v2\/types\/product"}],"replies":[{"embeddable":true,"href":"https:\/\/www.oudadl.testontwikkeling.nl\/de\/wp-json\/wp\/v2\/comments?post=11970"}],"wp:featuredmedia":[{"embeddable":true,"href":"https:\/\/www.oudadl.testontwikkeling.nl\/de\/wp-json\/wp\/v2\/media\/12009"}],"wp:attachment":[{"href":"https:\/\/www.oudadl.testontwikkeling.nl\/de\/wp-json\/wp\/v2\/media?parent=11970"}],"wp:term":[{"taxonomy":"product_brand","embeddable":true,"href":"https:\/\/www.oudadl.testontwikkeling.nl\/de\/wp-json\/wp\/v2\/product_brand?post=11970"},{"taxonomy":"product_cat","embeddable":true,"href":"https:\/\/www.oudadl.testontwikkeling.nl\/de\/wp-json\/wp\/v2\/product_cat?post=11970"},{"taxonomy":"product_tag","embeddable":true,"href":"https:\/\/www.oudadl.testontwikkeling.nl\/de\/wp-json\/wp\/v2\/product_tag?post=11970"}],"curies":[{"name":"wp","href":"https:\/\/api.w.org\/{rel}","templated":true}]}}