{"id":11748,"date":"2020-10-01T17:00:30","date_gmt":"2020-10-01T15:00:30","guid":{"rendered":"https:\/\/www.oudadl.testontwikkeling.nl\/?post_type=product&#038;p=11748"},"modified":"2025-04-03T11:54:27","modified_gmt":"2025-04-03T09:54:27","slug":"nedking-led-leuchtkasten-125x30x15cm-24-volt","status":"publish","type":"product","link":"https:\/\/www.oudadl.testontwikkeling.nl\/de\/product\/nedking-led-lichtbak-125x30x15cm-24-volt\/","title":{"rendered":"Nedking LED Leuchtkasten 125x30x15 cm"},"content":{"rendered":"<p><span style=\"color: #000000;\"><strong>Nedking LED Leuchtkasten 125x30x15 cm, geeignet f\u00fcr 24 Volt Betrieb.\u00a0<\/strong><\/span><\/p>\n<p><span style=\"color: #000000;\">Mit diesem Aluminium LED Leuchtkasten der Marke Nedking montiert an Ihrem LKW sorgen Sie daf\u00fcr, dass Ihr Firmenname auch im Dunkeln gut sichtbar ist. Der 30 Zentimeter hohe Lichtkasten LED wird mit transluzentem Glas geliefert. Das montierte Glas k\u00f6nnen Sie ganz einfach selbst abnehmen und beispielsweise mit Ihrem eigenen Firmennamen oder sonstiger Werbung versehen (siehe Bild 3). Die Nedking Light Box 125 cm funktioniert nur mit 24 Volt und kann daher nur f\u00fcr Ihren LKW verwendet werden.<\/span><\/p>\n<p><span style=\"color: #000000;\">Um sicherzustellen, dass der Nedking LED 125x30x15 Lichtkasten f\u00fcr Ihren LKW geeignet ist. Nachfolgend haben wir eine Reihe von Immobilien notiert. All dies, um Ihnen zu verdeutlichen, warum dies m\u00f6glicherweise die LED-Leuchtbox ist, die Sie suchen. Der Werbeleuchtkasten LED ist unter anderem mit dem G\u00fctezeichen ECE R10 versehen. Das G\u00fctezeichen ECE R10 bedeutet, dass das LED bei der Aktivierung keine St\u00f6rungen verursacht, beispielsweise auf Ihrem Funksignal. Zum Abschluss wird der LED Lichtkasten hinten mit Aluminiumschienen veredelt. Dies garantiert eine l\u00e4ngere Lebensdauer. Kurz gesagt, dies ist eine gro\u00dfartige LED-Lichtbox f\u00fcr Ihren LKW.<\/span><\/p>\n<h5><span style=\"color: #000000;\"><strong>Abmessungen:<\/strong><\/span><\/h5>\n<p><span style=\"color: #000000;\">Damit Sie den LED Aluminiumgeh\u00e4use-Lichtkasten \u00fcberall montieren k\u00f6nnen. Die Ma\u00dfe haben wir unten notiert. Die Abmessungen des Nedking LED Leuchtkastens 125x30x15 sind wie folgt:<\/span><\/p>\n<ul>\n<li><span style=\"color: #000000;\">L\u00e4nge: 125 cm<\/span><\/li>\n<li><span style=\"color: #000000;\">H\u00f6he: 30 cm<\/span><\/li>\n<li><span style=\"color: #000000;\">Dicke: 15cm<\/span><\/li>\n<\/ul>\n<h5><span style=\"color: #000000;\"><strong>Andere Abmessungen:<\/strong><\/span><\/h5>\n<p><span style=\"color: #000000;\">Ist dieser Nedking LED Leuchtkasten mit 125x30x15 Zentimetern nicht das, wonach Sie suchen? Dann wissen Sie, dass diese LED-Leuchtbox von Nedking auch in folgenden Abmessungen erh\u00e4ltlich ist:<\/span><\/p>\n<ul>\n<li><span style=\"color: #000000;\"><strong><a style=\"color: #000000;\" href=\"https:\/\/www.oudadl.testontwikkeling.nl\/de\/produkt\/nedking-led-leuchtkasten-140x30x15cm-24-volt\/\">140 cm x 30 cm x 15 cm<\/a><\/strong><\/span><\/li>\n<li><span style=\"color: #000000;\"><strong><a style=\"color: #000000;\" href=\"https:\/\/www.oudadl.testontwikkeling.nl\/de\/produkt\/nedking-led-leuchtkasten-160x30x15cm-24-volt\/\">160 cm x 30 cm x 15 cm<\/a><\/strong><\/span><\/li>\n<\/ul>\n<p><span style=\"color: #000000;\">Sind Sie immer noch der Meinung, dass der Nedking LED Leuchtkasten 125 x 30 x 15 cm nicht das ist, wonach Sie suchen? Einfach weil Ihnen die H\u00f6he, Tiefe oder Form nicht gef\u00e4llt? Sehen Sie sich hier das komplette Nedking-Sortiment an <a style=\"color: #000000;\" href=\"https:\/\/www.oudadl.testontwikkeling.nl\/de\/produkt-kategorie\/led-leuchtreklame\/nedking-lichtreclame\/\" target=\"_blank\" rel=\"noopener\">Leuchtkasten<\/a>.<\/span><\/p>","protected":false},"excerpt":{"rendered":"<p>Nedking LED lichtbak 125x30x15 cm, geschikt voor 24 volt gebruik.\u00a0 Met deze aluminium LED lichtbak van het merk Nedking gemonteerd op uw vrachtwagen zorgt u ervoor dat ook in het donker uw bedrijfsnaam goed zichtbaar is. De 30 centimeter hoge LED lichtbak word geleverd met licht doorlatend glas. U kunt het gemonteerde glas zelf eenvoudig [&hellip;]<\/p>\n","protected":false},"featured_media":20470,"comment_status":"open","ping_status":"closed","template":"","meta":{"_acf_changed":false,"site-sidebar-layout":"default","site-content-layout":"default","ast-site-content-layout":"default","site-content-style":"default","site-sidebar-style":"default","ast-global-header-display":"","ast-banner-title-visibility":"","ast-main-header-display":"","ast-hfb-above-header-display":"","ast-hfb-below-header-display":"","ast-hfb-mobile-header-display":"","site-post-title":"","ast-breadcrumbs-content":"","ast-featured-img":"","footer-sml-layout":"","ast-disable-related-posts":"","theme-transparent-header-meta":"default","adv-header-id-meta":"","stick-header-meta":"","header-above-stick-meta":"","header-main-stick-meta":"","header-below-stick-meta":"","astra-migrate-meta-layouts":"default","ast-page-background-enabled":"default","ast-page-background-meta":{"desktop":{"background-color":"","background-image":"","background-repeat":"repeat","background-position":"center center","background-size":"auto","background-attachment":"scroll","background-type":"","background-media":"","overlay-type":"","overlay-color":"","overlay-opacity":"","overlay-gradient":""},"tablet":{"background-color":"","background-image":"","background-repeat":"repeat","background-position":"center center","background-size":"auto","background-attachment":"scroll","background-type":"","background-media":"","overlay-type":"","overlay-color":"","overlay-opacity":"","overlay-gradient":""},"mobile":{"background-color":"","background-image":"","background-repeat":"repeat","background-position":"center center","background-size":"auto","background-attachment":"scroll","background-type":"","background-media":"","overlay-type":"","overlay-color":"","overlay-opacity":"","overlay-gradient":""}},"ast-content-background-meta":{"desktop":{"background-color":"var(--ast-global-color-5)","background-image":"","background-repeat":"repeat","background-position":"center center","background-size":"auto","background-attachment":"scroll","background-type":"","background-media":"","overlay-type":"","overlay-color":"","overlay-opacity":"","overlay-gradient":""},"tablet":{"background-color":"var(--ast-global-color-5)","background-image":"","background-repeat":"repeat","background-position":"center center","background-size":"auto","background-attachment":"scroll","background-type":"","background-media":"","overlay-type":"","overlay-color":"","overlay-opacity":"","overlay-gradient":""},"mobile":{"background-color":"var(--ast-global-color-5)","background-image":"","background-repeat":"repeat","background-position":"center center","background-size":"auto","background-attachment":"scroll","background-type":"","background-media":"","overlay-type":"","overlay-color":"","overlay-opacity":"","overlay-gradient":""}}},"product_brand":[],"product_cat":[6258,4933],"product_tag":[4939,6163,4938,328,5009,4940,329,2397,4987,4988,5001],"class_list":{"0":"post-11748","1":"product","2":"type-product","3":"status-publish","4":"has-post-thumbnail","6":"product_cat-nedking-lichtbak-15-centimeter-24-volt","7":"product_cat-nedking-lichtreclame","8":"product_tag-led-lichtbak-24-volt","9":"product_tag-led-lichtbak-30-centimeter","10":"product_tag-led-lichtbak-vrachtwagen","11":"product_tag-lichtbak","12":"product_tag-lichtbak-camion","13":"product_tag-lichtbak-vrachtwagen","14":"product_tag-lichtreclame","15":"product_tag-nedking","16":"product_tag-nedking-lichtbak","17":"product_tag-nedking-sign","18":"product_tag-nedking-verlichting","19":"pa_merkk-product-nedking","20":"desktop-align-left","21":"tablet-align-left","22":"mobile-align-left","24":"first","25":"instock","26":"taxable","27":"shipping-taxable","28":"purchasable","29":"product-type-simple"},"acf":[],"yoast_head":"<!-- This site is optimized with the Yoast SEO Premium plugin v25.9 (Yoast SEO v27.6) - https:\/\/yoast.com\/product\/yoast-seo-premium-wordpress\/ -->\n<title>Nedking LED lichtbak 125x30x15 - vrachtwagen - 24 volt<\/title>\n<meta name=\"description\" content=\"Nedking LED lichtbak 125x30x15 cm - vrachtwagen LED lichtreclame - 24 volt gebruik - aluminium LED lichtbak 30cm 24V - snelle verzending\" \/>\n<meta name=\"robots\" content=\"noindex, follow, max-snippet:-1, max-image-preview:large, max-video-preview:-1\" \/>\n<meta property=\"og:locale\" content=\"de_DE\" \/>\n<meta property=\"og:type\" content=\"article\" \/>\n<meta property=\"og:title\" content=\"Nedking LED lichtbak 125x30x15 - vrachtwagen - 24 volt\" \/>\n<meta property=\"og:description\" content=\"Nedking LED lichtbak 125x30x15 cm - vrachtwagen LED lichtreclame - 24 volt gebruik - aluminium LED lichtbak 30cm 24V - snelle verzending\" \/>\n<meta property=\"og:url\" content=\"https:\/\/www.oudadl.testontwikkeling.nl\/de\/produkt\/nedking-led-leuchtkasten-125x30x15cm-24-volt\/\" \/>\n<meta property=\"og:site_name\" content=\"All Day Led\" \/>\n<meta property=\"article:publisher\" content=\"https:\/\/www.facebook.com\/alldayled\/\" \/>\n<meta property=\"article:modified_time\" content=\"2025-04-03T09:54:27+00:00\" \/>\n<meta property=\"og:image\" content=\"https:\/\/www.oudadl.testontwikkeling.nl\/wp-content\/uploads\/2020\/11\/ADL839354.-2.png\" \/>\n\t<meta property=\"og:image:width\" content=\"800\" \/>\n\t<meta property=\"og:image:height\" content=\"600\" \/>\n\t<meta property=\"og:image:type\" content=\"image\/png\" \/>\n<meta name=\"twitter:label1\" content=\"Preis\" \/>\n\t<meta name=\"twitter:data1\" content=\"&euro;509,00\" \/>\n\t<meta name=\"twitter:label2\" content=\"Verf\u00fcgbarkeit\" \/>\n\t<meta name=\"twitter:data2\" content=\"Auf Lager\" \/>\n<script type=\"application\/ld+json\" class=\"yoast-schema-graph\">{\"@context\":\"https:\\\/\\\/schema.org\",\"@graph\":[{\"@type\":\"WebPage\",\"@id\":\"https:\\\/\\\/www.oudadl.testontwikkeling.nl\\\/product\\\/nedking-led-lichtbak-125x30x15cm-24-volt\\\/\",\"url\":\"https:\\\/\\\/www.oudadl.testontwikkeling.nl\\\/product\\\/nedking-led-lichtbak-125x30x15cm-24-volt\\\/\",\"name\":\"Nedking LED lichtbak 125x30x15 - vrachtwagen - 24 volt\",\"isPartOf\":{\"@id\":\"https:\\\/\\\/www.oudadl.testontwikkeling.nl\\\/#website\"},\"primaryImageOfPage\":{\"@id\":\"https:\\\/\\\/www.oudadl.testontwikkeling.nl\\\/product\\\/nedking-led-lichtbak-125x30x15cm-24-volt\\\/#primaryimage\"},\"image\":{\"@id\":\"https:\\\/\\\/www.oudadl.testontwikkeling.nl\\\/product\\\/nedking-led-lichtbak-125x30x15cm-24-volt\\\/#primaryimage\"},\"thumbnailUrl\":\"https:\\\/\\\/www.oudadl.testontwikkeling.nl\\\/wp-content\\\/uploads\\\/2020\\\/11\\\/ADL839354..png\",\"datePublished\":\"2020-10-01T15:00:30+00:00\",\"dateModified\":\"2025-04-03T09:54:27+00:00\",\"description\":\"Nedking LED lichtbak 125x30x15 cm - vrachtwagen LED lichtreclame - 24 volt gebruik - aluminium LED lichtbak 30cm 24V - snelle verzending\",\"breadcrumb\":{\"@id\":\"https:\\\/\\\/www.oudadl.testontwikkeling.nl\\\/product\\\/nedking-led-lichtbak-125x30x15cm-24-volt\\\/#breadcrumb\"},\"inLanguage\":\"de\",\"potentialAction\":[{\"@type\":\"ReadAction\",\"target\":[\"https:\\\/\\\/www.oudadl.testontwikkeling.nl\\\/product\\\/nedking-led-lichtbak-125x30x15cm-24-volt\\\/\"]}]},{\"@type\":\"ImageObject\",\"inLanguage\":\"de\",\"@id\":\"https:\\\/\\\/www.oudadl.testontwikkeling.nl\\\/product\\\/nedking-led-lichtbak-125x30x15cm-24-volt\\\/#primaryimage\",\"url\":\"https:\\\/\\\/www.oudadl.testontwikkeling.nl\\\/wp-content\\\/uploads\\\/2020\\\/11\\\/ADL839354..png\",\"contentUrl\":\"https:\\\/\\\/www.oudadl.testontwikkeling.nl\\\/wp-content\\\/uploads\\\/2020\\\/11\\\/ADL839354..png\",\"width\":800,\"height\":600,\"caption\":\"NEDKING aluminium LED lichtbak 125 x 30 x 15 cm voor 24 volt gebruik EAN: 7323030183264\"},{\"@type\":\"BreadcrumbList\",\"@id\":\"https:\\\/\\\/www.oudadl.testontwikkeling.nl\\\/product\\\/nedking-led-lichtbak-125x30x15cm-24-volt\\\/#breadcrumb\",\"itemListElement\":[{\"@type\":\"ListItem\",\"position\":1,\"name\":\"Home\",\"item\":\"https:\\\/\\\/www.oudadl.testontwikkeling.nl\\\/\"},{\"@type\":\"ListItem\",\"position\":2,\"name\":\"Shop\",\"item\":\"https:\\\/\\\/www.oudadl.testontwikkeling.nl\\\/de\\\/shop\\\/\"},{\"@type\":\"ListItem\",\"position\":3,\"name\":\"Lichtreclame\",\"item\":\"https:\\\/\\\/www.oudadl.testontwikkeling.nl\\\/product-categorie\\\/led-lichtreclame\\\/\"},{\"@type\":\"ListItem\",\"position\":4,\"name\":\"Nedking lichtreclame\",\"item\":\"https:\\\/\\\/www.oudadl.testontwikkeling.nl\\\/product-categorie\\\/led-lichtreclame\\\/nedking-lichtreclame\\\/\"},{\"@type\":\"ListItem\",\"position\":5,\"name\":\"Nedking LED lichtbak 125x30x15 cm\"}]},{\"@type\":\"WebSite\",\"@id\":\"https:\\\/\\\/www.oudadl.testontwikkeling.nl\\\/#website\",\"url\":\"https:\\\/\\\/www.oudadl.testontwikkeling.nl\\\/\",\"name\":\"All Day Led\",\"description\":\"\",\"publisher\":{\"@id\":\"https:\\\/\\\/www.oudadl.testontwikkeling.nl\\\/#organization\"},\"potentialAction\":[{\"@type\":\"SearchAction\",\"target\":{\"@type\":\"EntryPoint\",\"urlTemplate\":\"https:\\\/\\\/www.oudadl.testontwikkeling.nl\\\/?s={search_term_string}\"},\"query-input\":{\"@type\":\"PropertyValueSpecification\",\"valueRequired\":true,\"valueName\":\"search_term_string\"}}],\"inLanguage\":\"de\"},{\"@type\":\"Organization\",\"@id\":\"https:\\\/\\\/www.oudadl.testontwikkeling.nl\\\/#organization\",\"name\":\"All Day Led\",\"url\":\"https:\\\/\\\/www.oudadl.testontwikkeling.nl\\\/\",\"logo\":{\"@type\":\"ImageObject\",\"inLanguage\":\"de\",\"@id\":\"https:\\\/\\\/www.oudadl.testontwikkeling.nl\\\/#\\\/schema\\\/logo\\\/image\\\/\",\"url\":\"https:\\\/\\\/www.oudadl.testontwikkeling.nl\\\/wp-content\\\/uploads\\\/2022\\\/08\\\/Logo-ALL-DAY-LED-800x800-zwart-witte-letters.png\",\"contentUrl\":\"https:\\\/\\\/www.oudadl.testontwikkeling.nl\\\/wp-content\\\/uploads\\\/2022\\\/08\\\/Logo-ALL-DAY-LED-800x800-zwart-witte-letters.png\",\"width\":800,\"height\":800,\"caption\":\"All Day Led\"},\"image\":{\"@id\":\"https:\\\/\\\/www.oudadl.testontwikkeling.nl\\\/#\\\/schema\\\/logo\\\/image\\\/\"},\"sameAs\":[\"https:\\\/\\\/www.facebook.com\\\/alldayled\\\/\",\"https:\\\/\\\/www.instagram.com\\\/alldayled\\\/\"],\"vatID\":\"NL863960133B01\",\"taxID\":\"86416545\",\"hasMerchantReturnPolicy\":{\"@type\":\"MerchantReturnPolicy\",\"merchantReturnLink\":\"https:\\\/\\\/www.oudadl.testontwikkeling.nl\\\/de\\\/verzenden-retourneren\\\/\"}}]}<\/script>\n<meta property=\"product:brand\" content=\"Nedking\" \/>\n<meta property=\"product:price:amount\" content=\"509.00\" \/>\n<meta property=\"product:price:currency\" content=\"EUR\" \/>\n<meta property=\"og:availability\" content=\"instock\" \/>\n<meta property=\"product:availability\" content=\"instock\" \/>\n<meta property=\"product:retailer_item_id\" content=\"ADL839354\" \/>\n<meta property=\"product:condition\" content=\"new\" \/>\n<!-- \/ Yoast SEO Premium plugin. -->","yoast_head_json":{"title":"Nedking LED Leuchtkasten 125x30x15 - LKW - 24 Volt","description":"Nedking LED Leuchtbox 125x30x15 cm - LKW LED Leuchtreklame - 24 Volt Betrieb - Aluminium LED Leuchtbox 30cm 24V - schneller Versand","robots":{"index":"noindex","follow":"follow","max-snippet":"max-snippet:-1","max-image-preview":"max-image-preview:large","max-video-preview":"max-video-preview:-1"},"og_locale":"de_DE","og_type":"article","og_title":"Nedking LED lichtbak 125x30x15 - vrachtwagen - 24 volt","og_description":"Nedking LED lichtbak 125x30x15 cm - vrachtwagen LED lichtreclame - 24 volt gebruik - aluminium LED lichtbak 30cm 24V - snelle verzending","og_url":"https:\/\/www.oudadl.testontwikkeling.nl\/de\/produkt\/nedking-led-leuchtkasten-125x30x15cm-24-volt\/","og_site_name":"All Day Led","article_publisher":"https:\/\/www.facebook.com\/alldayled\/","article_modified_time":"2025-04-03T09:54:27+00:00","og_image":[{"width":800,"height":600,"url":"https:\/\/www.oudadl.testontwikkeling.nl\/wp-content\/uploads\/2020\/11\/ADL839354.-2.png","type":"image\/png"}],"twitter_misc":{"Preis":"&euro;509,00","Verf\u00fcgbarkeit":"Auf Lager"},"schema":{"@context":"https:\/\/schema.org","@graph":[{"@type":"WebPage","@id":"https:\/\/www.oudadl.testontwikkeling.nl\/product\/nedking-led-lichtbak-125x30x15cm-24-volt\/","url":"https:\/\/www.oudadl.testontwikkeling.nl\/product\/nedking-led-lichtbak-125x30x15cm-24-volt\/","name":"Nedking LED Leuchtkasten 125x30x15 - LKW - 24 Volt","isPartOf":{"@id":"https:\/\/www.oudadl.testontwikkeling.nl\/#website"},"primaryImageOfPage":{"@id":"https:\/\/www.oudadl.testontwikkeling.nl\/product\/nedking-led-lichtbak-125x30x15cm-24-volt\/#primaryimage"},"image":{"@id":"https:\/\/www.oudadl.testontwikkeling.nl\/product\/nedking-led-lichtbak-125x30x15cm-24-volt\/#primaryimage"},"thumbnailUrl":"https:\/\/www.oudadl.testontwikkeling.nl\/wp-content\/uploads\/2020\/11\/ADL839354..png","datePublished":"2020-10-01T15:00:30+00:00","dateModified":"2025-04-03T09:54:27+00:00","description":"Nedking LED Leuchtbox 125x30x15 cm - LKW LED Leuchtreklame - 24 Volt Betrieb - Aluminium LED Leuchtbox 30cm 24V - schneller Versand","breadcrumb":{"@id":"https:\/\/www.oudadl.testontwikkeling.nl\/product\/nedking-led-lichtbak-125x30x15cm-24-volt\/#breadcrumb"},"inLanguage":"de","potentialAction":[{"@type":"ReadAction","target":["https:\/\/www.oudadl.testontwikkeling.nl\/product\/nedking-led-lichtbak-125x30x15cm-24-volt\/"]}]},{"@type":"ImageObject","inLanguage":"de","@id":"https:\/\/www.oudadl.testontwikkeling.nl\/product\/nedking-led-lichtbak-125x30x15cm-24-volt\/#primaryimage","url":"https:\/\/www.oudadl.testontwikkeling.nl\/wp-content\/uploads\/2020\/11\/ADL839354..png","contentUrl":"https:\/\/www.oudadl.testontwikkeling.nl\/wp-content\/uploads\/2020\/11\/ADL839354..png","width":800,"height":600,"caption":"NEDKING aluminium LED lichtbak 125 x 30 x 15 cm voor 24 volt gebruik EAN: 7323030183264"},{"@type":"BreadcrumbList","@id":"https:\/\/www.oudadl.testontwikkeling.nl\/product\/nedking-led-lichtbak-125x30x15cm-24-volt\/#breadcrumb","itemListElement":[{"@type":"ListItem","position":1,"name":"Home","item":"https:\/\/www.oudadl.testontwikkeling.nl\/"},{"@type":"ListItem","position":2,"name":"Shop","item":"https:\/\/www.oudadl.testontwikkeling.nl\/de\/shop\/"},{"@type":"ListItem","position":3,"name":"Lichtreclame","item":"https:\/\/www.oudadl.testontwikkeling.nl\/product-categorie\/led-lichtreclame\/"},{"@type":"ListItem","position":4,"name":"Nedking lichtreclame","item":"https:\/\/www.oudadl.testontwikkeling.nl\/product-categorie\/led-lichtreclame\/nedking-lichtreclame\/"},{"@type":"ListItem","position":5,"name":"Nedking LED lichtbak 125x30x15 cm"}]},{"@type":"WebSite","@id":"https:\/\/www.oudadl.testontwikkeling.nl\/#website","url":"https:\/\/www.oudadl.testontwikkeling.nl\/","name":"All Day Led","description":"","publisher":{"@id":"https:\/\/www.oudadl.testontwikkeling.nl\/#organization"},"potentialAction":[{"@type":"SearchAction","target":{"@type":"EntryPoint","urlTemplate":"https:\/\/www.oudadl.testontwikkeling.nl\/?s={search_term_string}"},"query-input":{"@type":"PropertyValueSpecification","valueRequired":true,"valueName":"search_term_string"}}],"inLanguage":"de"},{"@type":"Organization","@id":"https:\/\/www.oudadl.testontwikkeling.nl\/#organization","name":"All Day Led","url":"https:\/\/www.oudadl.testontwikkeling.nl\/","logo":{"@type":"ImageObject","inLanguage":"de","@id":"https:\/\/www.oudadl.testontwikkeling.nl\/#\/schema\/logo\/image\/","url":"https:\/\/www.oudadl.testontwikkeling.nl\/wp-content\/uploads\/2022\/08\/Logo-ALL-DAY-LED-800x800-zwart-witte-letters.png","contentUrl":"https:\/\/www.oudadl.testontwikkeling.nl\/wp-content\/uploads\/2022\/08\/Logo-ALL-DAY-LED-800x800-zwart-witte-letters.png","width":800,"height":800,"caption":"All Day Led"},"image":{"@id":"https:\/\/www.oudadl.testontwikkeling.nl\/#\/schema\/logo\/image\/"},"sameAs":["https:\/\/www.facebook.com\/alldayled\/","https:\/\/www.instagram.com\/alldayled\/"],"vatID":"NL863960133B01","taxID":"86416545","hasMerchantReturnPolicy":{"@type":"MerchantReturnPolicy","merchantReturnLink":"https:\/\/www.oudadl.testontwikkeling.nl\/de\/verzenden-retourneren\/"}}]},"product_brand":"Nedking","product_price_amount":"509.00","product_price_currency":"EUR","og_availability":"instock","product_availability":"instock","product_retailer_item_id":"ADL839354","product_condition":"new"},"_links":{"self":[{"href":"https:\/\/www.oudadl.testontwikkeling.nl\/de\/wp-json\/wp\/v2\/product\/11748","targetHints":{"allow":["GET"]}}],"collection":[{"href":"https:\/\/www.oudadl.testontwikkeling.nl\/de\/wp-json\/wp\/v2\/product"}],"about":[{"href":"https:\/\/www.oudadl.testontwikkeling.nl\/de\/wp-json\/wp\/v2\/types\/product"}],"replies":[{"embeddable":true,"href":"https:\/\/www.oudadl.testontwikkeling.nl\/de\/wp-json\/wp\/v2\/comments?post=11748"}],"wp:featuredmedia":[{"embeddable":true,"href":"https:\/\/www.oudadl.testontwikkeling.nl\/de\/wp-json\/wp\/v2\/media\/20470"}],"wp:attachment":[{"href":"https:\/\/www.oudadl.testontwikkeling.nl\/de\/wp-json\/wp\/v2\/media?parent=11748"}],"wp:term":[{"taxonomy":"product_brand","embeddable":true,"href":"https:\/\/www.oudadl.testontwikkeling.nl\/de\/wp-json\/wp\/v2\/product_brand?post=11748"},{"taxonomy":"product_cat","embeddable":true,"href":"https:\/\/www.oudadl.testontwikkeling.nl\/de\/wp-json\/wp\/v2\/product_cat?post=11748"},{"taxonomy":"product_tag","embeddable":true,"href":"https:\/\/www.oudadl.testontwikkeling.nl\/de\/wp-json\/wp\/v2\/product_tag?post=11748"}],"curies":[{"name":"wp","href":"https:\/\/api.w.org\/{rel}","templated":true}]}}