{"id":10817,"date":"2020-10-19T19:04:24","date_gmt":"2020-10-19T18:04:24","guid":{"rendered":"https:\/\/www.oudadl.testontwikkeling.nl\/?post_type=product&#038;p=10817"},"modified":"2025-11-29T22:57:31","modified_gmt":"2025-11-29T21:57:31","slug":"strands-siberia-led-bar-sr-199w-42-zoll","status":"publish","type":"product","link":"https:\/\/www.oudadl.testontwikkeling.nl\/de\/product\/strands-siberia-led-bar-sr-199w-42-inch\/","title":{"rendered":"Strands Siberia LED bar SR - 42 Zoll"},"content":{"rendered":"<p><span style=\"color: #000000;\"><strong>Strands Siberia LED bar single row 42 Zoll, f\u00fcr 12 und 24 Volt.<\/strong><\/span><\/p>\n<p><span style=\"color: #000000;\">Sind Sie auf der Suche nach einem sch\u00f6nen gro\u00dfen single row LED bar, der zus\u00e4tzlich mit einem farbwechselbaren Stadtlicht (Orange - Wei\u00df) ausgestattet ist? Dann k\u00f6nnte die Strands Siberia LED bar 42 Zoll die Lampe sein, die Sie suchen. Der Strands Siberia LED bar single row ist mit insgesamt 40 LED-Punkten ausgestattet und hat eine Lichtleistung von sage und schreibe 16.000 Lumen! Dadurch ist sichergestellt, dass Sie sowohl tags\u00fcber als auch abends gut sichtbar sind. Der Strands Siberia LED bar 42 Zoll kann mit 12 und 24 Volt verwendet werden. Das bedeutet, dass Sie die LED-Lampe f\u00fcr Ihr Auto, Ihren LKW, Ihr Wohnmobil oder einen anderen Fahrzeugtyp verwenden k\u00f6nnen.\u00a0<\/span><\/p>\n<p><span style=\"color: #000000;\">Um sicherzustellen, dass die Stange Strands Siberia LED 42 Zoll f\u00fcr Ihr Fahrzeug geeignet ist. Nachfolgend haben wir einige Spezifikationen aufgeschrieben. All dies, um Ihnen klar zu machen, warum dies der LED-Tr\u00e4ger sein k\u00f6nnte, nach dem Sie suchen. Der Lenker LED beispielsweise tr\u00e4gt das ECE-R10-G\u00fctezeichen. Dieses Qualit\u00e4tszeichen zeigt an, dass die Lampe w\u00e4hrend der Aktivierung beispielsweise Ihr Funksignal nicht st\u00f6rt. Die Lampe LED ist au\u00dferdem mit dem Qualit\u00e4tszeichen IP68 und IP69K versehen. Die Qualit\u00e4tszeichen weisen darauf hin, dass der Siberia LED bar 42\u201c volledig staub- und wasserdicht ist. Abschlie\u00dfend wird die Leiste LED mit Befestigungsmaterial aus Edelstahl geliefert. Um Sie davon zu \u00fcberzeugen, dass dies der Fernscheinwerfer sein k\u00f6nnte, den Sie suchen, k\u00f6nnen Sie: <a style=\"color: #000000;\" href=\"https:\/\/youtu.be\/S4gLu2iAXFs\" target=\"_blank\" rel=\"noopener\">hier<\/a>\u00a0Sehen Sie sich das Lichtleistungsvideo von Strands an.<\/span><\/p>\n<h5><span style=\"color: #000000;\"><strong>Abmessungen:<\/strong><\/span><\/h5>\n<p><span style=\"color: #000000;\">Damit Sie die LED Lampe \u00fcberall montieren k\u00f6nnen, haben wir uns unten die Ma\u00dfe notiert. Die Abmessungen der 42inch Siberia LED Bar der Marke Strands sind wie folgt:<\/span><\/p>\n<ul>\n<li><span style=\"color: #000000;\">H\u00f6he: 45 mm (65 mm einschlie\u00dflich Montage)<\/span><\/li>\n<li><span style=\"color: #000000;\">Breite: 1065,6 mm<\/span><\/li>\n<li><span style=\"color: #000000;\">Dicke: 55,5 mm<\/span><\/li>\n<\/ul>\n<p><span style=\"color: #000000;\">Die Lampe Siberia LED wird standardm\u00e4\u00dfig mit zwei Arten von Montagehalterungen geliefert. Mit dem einen k\u00f6nnen Sie die Lampe von der Seite montieren, mit dem anderen von der R\u00fcckseite. Um Ihnen eine klare Vorstellung davon zu geben, was wir meinen, empfehlen wir Ihnen, sich Abbildung 4 anzusehen.<\/span><\/p>\n<h5><span style=\"color: #000000;\"><strong>Andere Abmessungen:\u00a0<\/strong><\/span><\/h5>\n<p><span style=\"color: #000000;\">Ist dieses Strands Siberia LED bar 130w nicht die Gr\u00f6\u00dfe, die Sie suchen? Dann wissen Sie, dass das single row LED bar auch in den folgenden Abmessungen erh\u00e4ltlich ist:<\/span><\/p>\n<ul>\n<li><span style=\"color: #000000;\"><strong><a style=\"color: #000000;\" href=\"https:\/\/www.oudadl.testontwikkeling.nl\/de\/produkt\/strands-siberia-led-bar-sr-47w-12-zoll\/\">12 Zoll Strands LED Bar single row<\/a><\/strong><\/span><\/li>\n<li><span style=\"color: #000000;\"><strong><a style=\"color: #000000;\" href=\"https:\/\/www.oudadl.testontwikkeling.nl\/de\/produkt\/strands-siberia-led-bar-sr-95w-22-zoll\/\">22 Zoll Strands LED Bar single row<\/a><\/strong><\/span><\/li>\n<li><span style=\"color: #000000;\"><strong><a style=\"color: #000000;\" href=\"https:\/\/www.oudadl.testontwikkeling.nl\/de\/produkt\/strands-siberia-led-bar-sr-146w-32-zoll\/\">32 Zoll Strands LED Bar single row<\/a><\/strong><\/span><\/li>\n<li><span style=\"color: #000000;\"><strong><a style=\"color: #000000;\" href=\"https:\/\/www.oudadl.testontwikkeling.nl\/de\/produkt\/strands-siberia-led-bar-sr-241w-50-zoll\/\">50 Zoll Strands LED Bar single row<\/a><\/strong><\/span><\/li>\n<\/ul>\n<p><span style=\"color: #000000;\">Immer noch nicht \u00fcberzeugt, dass der Strands Siberia LED bar single row 42 Zoll ist, den Sie suchen? Einfach weil Ihnen die Lichtleistung, Wattzahl oder Form nicht gef\u00e4llt? Sehen Sie sich hier das komplette Sortiment an <a style=\"color: #000000;\" href=\"https:\/\/www.oudadl.testontwikkeling.nl\/de\/merk\/produkt-strands-beleuchtungsabteilung\/\" target=\"_blank\" rel=\"noopener\">Strands<\/a>. M\u00f6glicherweise finden Sie hier das Lampenmodell, das Sie suchen.\u00a0<\/span><\/p>","protected":false},"excerpt":{"rendered":"<p>Strands Siberia LED bar single row 42inch, voor 12 en 24 volt gebruik. Bent u opzoek naar een mooie grote single row LED bar, die ook is uitgerust met een van kleur te wisselen stadslicht (oranje &#8211; wit)? Dan is de Strands Siberia LED bar 42&#8221; wellicht d\u00e9 lamp die u zoekt. De Strands Siberia [&hellip;]<\/p>\n","protected":false},"featured_media":20008,"comment_status":"open","ping_status":"closed","template":"","meta":{"_acf_changed":false,"site-sidebar-layout":"default","site-content-layout":"default","ast-site-content-layout":"default","site-content-style":"default","site-sidebar-style":"default","ast-global-header-display":"","ast-banner-title-visibility":"","ast-main-header-display":"","ast-hfb-above-header-display":"","ast-hfb-below-header-display":"","ast-hfb-mobile-header-display":"","site-post-title":"","ast-breadcrumbs-content":"","ast-featured-img":"","footer-sml-layout":"","ast-disable-related-posts":"","theme-transparent-header-meta":"default","adv-header-id-meta":"","stick-header-meta":"","header-above-stick-meta":"","header-main-stick-meta":"","header-below-stick-meta":"","astra-migrate-meta-layouts":"set","ast-page-background-enabled":"default","ast-page-background-meta":{"desktop":{"background-color":"","background-image":"","background-repeat":"repeat","background-position":"center center","background-size":"auto","background-attachment":"scroll","background-type":"","background-media":"","overlay-type":"","overlay-color":"","overlay-opacity":"","overlay-gradient":""},"tablet":{"background-color":"","background-image":"","background-repeat":"repeat","background-position":"center center","background-size":"auto","background-attachment":"scroll","background-type":"","background-media":"","overlay-type":"","overlay-color":"","overlay-opacity":"","overlay-gradient":""},"mobile":{"background-color":"","background-image":"","background-repeat":"repeat","background-position":"center center","background-size":"auto","background-attachment":"scroll","background-type":"","background-media":"","overlay-type":"","overlay-color":"","overlay-opacity":"","overlay-gradient":""}},"ast-content-background-meta":{"desktop":{"background-color":"var(--ast-global-color-5)","background-image":"","background-repeat":"repeat","background-position":"center center","background-size":"auto","background-attachment":"scroll","background-type":"","background-media":"","overlay-type":"","overlay-color":"","overlay-opacity":"","overlay-gradient":""},"tablet":{"background-color":"var(--ast-global-color-5)","background-image":"","background-repeat":"repeat","background-position":"center center","background-size":"auto","background-attachment":"scroll","background-type":"","background-media":"","overlay-type":"","overlay-color":"","overlay-opacity":"","overlay-gradient":""},"mobile":{"background-color":"var(--ast-global-color-5)","background-image":"","background-repeat":"repeat","background-position":"center center","background-size":"auto","background-attachment":"scroll","background-type":"","background-media":"","overlay-type":"","overlay-color":"","overlay-opacity":"","overlay-gradient":""}}},"product_brand":[],"product_cat":[7964,7258],"product_tag":[3786,3789,3788,5817,5822,5823,5824,5825,5821,373,6388,2426,3787,2427,6550,6551,2465],"class_list":{"0":"post-10817","1":"product","2":"type-product","3":"status-publish","4":"has-post-thumbnail","6":"product_cat-led-bar","7":"product_cat-strands-siberia","8":"product_tag-led-bar","9":"product_tag-led-bar-auto","10":"product_tag-led-bar-vrachtwagen","11":"product_tag-led-verstraler","12":"product_tag-led-verstraler-auto","13":"product_tag-led-verstraler-camper","14":"product_tag-led-verstraler-pickup","15":"product_tag-led-verstraler-tractor","16":"product_tag-led-verstraler-vrachtwagen","17":"product_tag-led-werklamp","18":"product_tag-sale","19":"product_tag-strands-led-verlichting","20":"product_tag-strands-werklamp","21":"product_tag-strands-lighting-division","22":"product_tag-strands-siberia-led-bar","23":"product_tag-strands-siberia-verstraler","24":"product_tag-verstraler-met-stadslicht","25":"pa_merkk-product-strands-lighting-division","26":"desktop-align-left","27":"tablet-align-left","28":"mobile-align-left","30":"first","31":"instock","32":"sale","33":"taxable","34":"shipping-taxable","35":"purchasable","36":"product-type-simple"},"acf":[],"yoast_head":"<!-- This site is optimized with the Yoast SEO Premium plugin v25.9 (Yoast SEO v27.6) - https:\/\/yoast.com\/product\/yoast-seo-premium-wordpress\/ -->\n<title>Strands Siberia SR 42inch - LED bar - All Day Led - voor 12&amp;24V<\/title>\n<meta name=\"description\" content=\"Strands Siberia SR 42inch LED bar - verstraler met LED stadslicht - ECE R112 - 12.000 Lumen - voor auto, vrachtwagen en meer - 12&amp;24 volt\" \/>\n<meta name=\"robots\" content=\"noindex, follow, max-snippet:-1, max-image-preview:large, max-video-preview:-1\" \/>\n<meta property=\"og:locale\" content=\"de_DE\" \/>\n<meta property=\"og:type\" content=\"article\" \/>\n<meta property=\"og:title\" content=\"Strands Siberia SR 42inch - LED bar - All Day Led - voor 12&amp;24V\" \/>\n<meta property=\"og:description\" content=\"Strands Siberia SR 42inch LED bar - verstraler met LED stadslicht - ECE R112 - 12.000 Lumen - voor auto, vrachtwagen en meer - 12&amp;24 volt\" \/>\n<meta property=\"og:url\" content=\"https:\/\/www.oudadl.testontwikkeling.nl\/de\/produkt\/strands-siberia-led-bar-sr-199w-42-zoll\/\" \/>\n<meta property=\"og:site_name\" content=\"All Day Led\" \/>\n<meta property=\"article:publisher\" content=\"https:\/\/www.facebook.com\/alldayled\/\" \/>\n<meta property=\"article:modified_time\" content=\"2025-11-29T21:57:31+00:00\" \/>\n<meta property=\"og:image\" content=\"https:\/\/www.oudadl.testontwikkeling.nl\/wp-content\/uploads\/2024\/07\/ADL809173.png\" \/>\n\t<meta property=\"og:image:width\" content=\"800\" \/>\n\t<meta property=\"og:image:height\" content=\"800\" \/>\n\t<meta property=\"og:image:type\" content=\"image\/png\" \/>\n<meta name=\"twitter:label1\" content=\"Preis\" \/>\n\t<meta name=\"twitter:data1\" content=\"&euro;296,65\" \/>\n\t<meta name=\"twitter:label2\" content=\"Verf\u00fcgbarkeit\" \/>\n\t<meta name=\"twitter:data2\" content=\"Auf Lager\" \/>\n<script type=\"application\/ld+json\" class=\"yoast-schema-graph\">{\"@context\":\"https:\\\/\\\/schema.org\",\"@graph\":[{\"@type\":\"WebPage\",\"@id\":\"https:\\\/\\\/www.oudadl.testontwikkeling.nl\\\/product\\\/strands-siberia-led-bar-sr-199w-42-inch\\\/\",\"url\":\"https:\\\/\\\/www.oudadl.testontwikkeling.nl\\\/product\\\/strands-siberia-led-bar-sr-199w-42-inch\\\/\",\"name\":\"Strands Siberia SR 42inch - LED bar - All Day Led - voor 12&24V\",\"isPartOf\":{\"@id\":\"https:\\\/\\\/www.oudadl.testontwikkeling.nl\\\/#website\"},\"primaryImageOfPage\":{\"@id\":\"https:\\\/\\\/www.oudadl.testontwikkeling.nl\\\/product\\\/strands-siberia-led-bar-sr-199w-42-inch\\\/#primaryimage\"},\"image\":{\"@id\":\"https:\\\/\\\/www.oudadl.testontwikkeling.nl\\\/product\\\/strands-siberia-led-bar-sr-199w-42-inch\\\/#primaryimage\"},\"thumbnailUrl\":\"https:\\\/\\\/www.oudadl.testontwikkeling.nl\\\/wp-content\\\/uploads\\\/2020\\\/10\\\/ADL89173.-Siberia-42inch.png\",\"datePublished\":\"2020-10-19T18:04:24+00:00\",\"dateModified\":\"2025-11-29T21:57:31+00:00\",\"description\":\"Strands Siberia SR 42inch LED bar - verstraler met LED stadslicht - ECE R112 - 12.000 Lumen - voor auto, vrachtwagen en meer - 12&24 volt\",\"breadcrumb\":{\"@id\":\"https:\\\/\\\/www.oudadl.testontwikkeling.nl\\\/product\\\/strands-siberia-led-bar-sr-199w-42-inch\\\/#breadcrumb\"},\"inLanguage\":\"de\",\"potentialAction\":[{\"@type\":\"ReadAction\",\"target\":[\"https:\\\/\\\/www.oudadl.testontwikkeling.nl\\\/product\\\/strands-siberia-led-bar-sr-199w-42-inch\\\/\"]}]},{\"@type\":\"ImageObject\",\"inLanguage\":\"de\",\"@id\":\"https:\\\/\\\/www.oudadl.testontwikkeling.nl\\\/product\\\/strands-siberia-led-bar-sr-199w-42-inch\\\/#primaryimage\",\"url\":\"https:\\\/\\\/www.oudadl.testontwikkeling.nl\\\/wp-content\\\/uploads\\\/2020\\\/10\\\/ADL89173.-Siberia-42inch.png\",\"contentUrl\":\"https:\\\/\\\/www.oudadl.testontwikkeling.nl\\\/wp-content\\\/uploads\\\/2020\\\/10\\\/ADL89173.-Siberia-42inch.png\",\"width\":800,\"height\":600,\"caption\":\"Strands Siberia LED bar 199W single row 42inch - LED balk voor 12 en 24 volt EAN: 7323030183776\"},{\"@type\":\"BreadcrumbList\",\"@id\":\"https:\\\/\\\/www.oudadl.testontwikkeling.nl\\\/product\\\/strands-siberia-led-bar-sr-199w-42-inch\\\/#breadcrumb\",\"itemListElement\":[{\"@type\":\"ListItem\",\"position\":1,\"name\":\"Home\",\"item\":\"https:\\\/\\\/www.oudadl.testontwikkeling.nl\\\/\"},{\"@type\":\"ListItem\",\"position\":2,\"name\":\"Shop\",\"item\":\"https:\\\/\\\/www.oudadl.testontwikkeling.nl\\\/de\\\/shop\\\/\"},{\"@type\":\"ListItem\",\"position\":3,\"name\":\"Verstralers\",\"item\":\"https:\\\/\\\/www.oudadl.testontwikkeling.nl\\\/product-categorie\\\/verstralers\\\/\"},{\"@type\":\"ListItem\",\"position\":4,\"name\":\"LED bar\",\"item\":\"https:\\\/\\\/www.oudadl.testontwikkeling.nl\\\/product-categorie\\\/verstralers\\\/led-bar\\\/\"},{\"@type\":\"ListItem\",\"position\":5,\"name\":\"Strands Siberia LED bar SR &#8211; 42 inch\"}]},{\"@type\":\"WebSite\",\"@id\":\"https:\\\/\\\/www.oudadl.testontwikkeling.nl\\\/#website\",\"url\":\"https:\\\/\\\/www.oudadl.testontwikkeling.nl\\\/\",\"name\":\"All Day Led\",\"description\":\"\",\"publisher\":{\"@id\":\"https:\\\/\\\/www.oudadl.testontwikkeling.nl\\\/#organization\"},\"potentialAction\":[{\"@type\":\"SearchAction\",\"target\":{\"@type\":\"EntryPoint\",\"urlTemplate\":\"https:\\\/\\\/www.oudadl.testontwikkeling.nl\\\/?s={search_term_string}\"},\"query-input\":{\"@type\":\"PropertyValueSpecification\",\"valueRequired\":true,\"valueName\":\"search_term_string\"}}],\"inLanguage\":\"de\"},{\"@type\":\"Organization\",\"@id\":\"https:\\\/\\\/www.oudadl.testontwikkeling.nl\\\/#organization\",\"name\":\"All Day Led\",\"url\":\"https:\\\/\\\/www.oudadl.testontwikkeling.nl\\\/\",\"logo\":{\"@type\":\"ImageObject\",\"inLanguage\":\"de\",\"@id\":\"https:\\\/\\\/www.oudadl.testontwikkeling.nl\\\/#\\\/schema\\\/logo\\\/image\\\/\",\"url\":\"https:\\\/\\\/www.oudadl.testontwikkeling.nl\\\/wp-content\\\/uploads\\\/2022\\\/08\\\/Logo-ALL-DAY-LED-800x800-zwart-witte-letters.png\",\"contentUrl\":\"https:\\\/\\\/www.oudadl.testontwikkeling.nl\\\/wp-content\\\/uploads\\\/2022\\\/08\\\/Logo-ALL-DAY-LED-800x800-zwart-witte-letters.png\",\"width\":800,\"height\":800,\"caption\":\"All Day Led\"},\"image\":{\"@id\":\"https:\\\/\\\/www.oudadl.testontwikkeling.nl\\\/#\\\/schema\\\/logo\\\/image\\\/\"},\"sameAs\":[\"https:\\\/\\\/www.facebook.com\\\/alldayled\\\/\",\"https:\\\/\\\/www.instagram.com\\\/alldayled\\\/\"],\"vatID\":\"NL863960133B01\",\"taxID\":\"86416545\",\"hasMerchantReturnPolicy\":{\"@type\":\"MerchantReturnPolicy\",\"merchantReturnLink\":\"https:\\\/\\\/www.oudadl.testontwikkeling.nl\\\/de\\\/verzenden-retourneren\\\/\"}}]}<\/script>\n<meta property=\"product:brand\" content=\"Strands\" \/>\n<meta property=\"product:price:amount\" content=\"296.65\" \/>\n<meta property=\"product:price:currency\" content=\"EUR\" \/>\n<meta property=\"og:availability\" content=\"instock\" \/>\n<meta property=\"product:availability\" content=\"instock\" \/>\n<meta property=\"product:retailer_item_id\" content=\"ADL809173\" \/>\n<meta property=\"product:condition\" content=\"new\" \/>\n<!-- \/ Yoast SEO Premium plugin. -->","yoast_head_json":{"title":"Strands Siberia SR 42 Zoll - LED Balken - All Day LED - f\u00fcr 12&amp;24V","description":"Strands Siberia SR 42inch LED Balken - Scheinwerfer mit LED Seitenlicht - ECE R112 - 12.000 Lumen - f\u00fcr PKW, LKW und mehr - 12&amp;24 volt","robots":{"index":"noindex","follow":"follow","max-snippet":"max-snippet:-1","max-image-preview":"max-image-preview:large","max-video-preview":"max-video-preview:-1"},"og_locale":"de_DE","og_type":"article","og_title":"Strands Siberia SR 42inch - LED bar - All Day Led - voor 12&24V","og_description":"Strands Siberia SR 42inch LED bar - verstraler met LED stadslicht - ECE R112 - 12.000 Lumen - voor auto, vrachtwagen en meer - 12&24 volt","og_url":"https:\/\/www.oudadl.testontwikkeling.nl\/de\/produkt\/strands-siberia-led-bar-sr-199w-42-zoll\/","og_site_name":"All Day Led","article_publisher":"https:\/\/www.facebook.com\/alldayled\/","article_modified_time":"2025-11-29T21:57:31+00:00","og_image":[{"width":800,"height":800,"url":"https:\/\/www.oudadl.testontwikkeling.nl\/wp-content\/uploads\/2024\/07\/ADL809173.png","type":"image\/png"}],"twitter_misc":{"Preis":"&euro;296,65","Verf\u00fcgbarkeit":"Auf Lager"},"schema":{"@context":"https:\/\/schema.org","@graph":[{"@type":"WebPage","@id":"https:\/\/www.oudadl.testontwikkeling.nl\/product\/strands-siberia-led-bar-sr-199w-42-inch\/","url":"https:\/\/www.oudadl.testontwikkeling.nl\/product\/strands-siberia-led-bar-sr-199w-42-inch\/","name":"Strands Siberia SR 42 Zoll - LED Balken - All Day LED - f\u00fcr 12&amp;24V","isPartOf":{"@id":"https:\/\/www.oudadl.testontwikkeling.nl\/#website"},"primaryImageOfPage":{"@id":"https:\/\/www.oudadl.testontwikkeling.nl\/product\/strands-siberia-led-bar-sr-199w-42-inch\/#primaryimage"},"image":{"@id":"https:\/\/www.oudadl.testontwikkeling.nl\/product\/strands-siberia-led-bar-sr-199w-42-inch\/#primaryimage"},"thumbnailUrl":"https:\/\/www.oudadl.testontwikkeling.nl\/wp-content\/uploads\/2020\/10\/ADL89173.-Siberia-42inch.png","datePublished":"2020-10-19T18:04:24+00:00","dateModified":"2025-11-29T21:57:31+00:00","description":"Strands Siberia SR 42inch LED Balken - Scheinwerfer mit LED Seitenlicht - ECE R112 - 12.000 Lumen - f\u00fcr PKW, LKW und mehr - 12&amp;24 volt","breadcrumb":{"@id":"https:\/\/www.oudadl.testontwikkeling.nl\/product\/strands-siberia-led-bar-sr-199w-42-inch\/#breadcrumb"},"inLanguage":"de","potentialAction":[{"@type":"ReadAction","target":["https:\/\/www.oudadl.testontwikkeling.nl\/product\/strands-siberia-led-bar-sr-199w-42-inch\/"]}]},{"@type":"ImageObject","inLanguage":"de","@id":"https:\/\/www.oudadl.testontwikkeling.nl\/product\/strands-siberia-led-bar-sr-199w-42-inch\/#primaryimage","url":"https:\/\/www.oudadl.testontwikkeling.nl\/wp-content\/uploads\/2020\/10\/ADL89173.-Siberia-42inch.png","contentUrl":"https:\/\/www.oudadl.testontwikkeling.nl\/wp-content\/uploads\/2020\/10\/ADL89173.-Siberia-42inch.png","width":800,"height":600,"caption":"Strands Siberia LED bar 199W single row 42inch - LED balk voor 12 en 24 volt EAN: 7323030183776"},{"@type":"BreadcrumbList","@id":"https:\/\/www.oudadl.testontwikkeling.nl\/product\/strands-siberia-led-bar-sr-199w-42-inch\/#breadcrumb","itemListElement":[{"@type":"ListItem","position":1,"name":"Home","item":"https:\/\/www.oudadl.testontwikkeling.nl\/"},{"@type":"ListItem","position":2,"name":"Shop","item":"https:\/\/www.oudadl.testontwikkeling.nl\/de\/shop\/"},{"@type":"ListItem","position":3,"name":"Verstralers","item":"https:\/\/www.oudadl.testontwikkeling.nl\/product-categorie\/verstralers\/"},{"@type":"ListItem","position":4,"name":"LED bar","item":"https:\/\/www.oudadl.testontwikkeling.nl\/product-categorie\/verstralers\/led-bar\/"},{"@type":"ListItem","position":5,"name":"Strands Siberia LED bar SR &#8211; 42 inch"}]},{"@type":"WebSite","@id":"https:\/\/www.oudadl.testontwikkeling.nl\/#website","url":"https:\/\/www.oudadl.testontwikkeling.nl\/","name":"All Day Led","description":"","publisher":{"@id":"https:\/\/www.oudadl.testontwikkeling.nl\/#organization"},"potentialAction":[{"@type":"SearchAction","target":{"@type":"EntryPoint","urlTemplate":"https:\/\/www.oudadl.testontwikkeling.nl\/?s={search_term_string}"},"query-input":{"@type":"PropertyValueSpecification","valueRequired":true,"valueName":"search_term_string"}}],"inLanguage":"de"},{"@type":"Organization","@id":"https:\/\/www.oudadl.testontwikkeling.nl\/#organization","name":"All Day Led","url":"https:\/\/www.oudadl.testontwikkeling.nl\/","logo":{"@type":"ImageObject","inLanguage":"de","@id":"https:\/\/www.oudadl.testontwikkeling.nl\/#\/schema\/logo\/image\/","url":"https:\/\/www.oudadl.testontwikkeling.nl\/wp-content\/uploads\/2022\/08\/Logo-ALL-DAY-LED-800x800-zwart-witte-letters.png","contentUrl":"https:\/\/www.oudadl.testontwikkeling.nl\/wp-content\/uploads\/2022\/08\/Logo-ALL-DAY-LED-800x800-zwart-witte-letters.png","width":800,"height":800,"caption":"All Day Led"},"image":{"@id":"https:\/\/www.oudadl.testontwikkeling.nl\/#\/schema\/logo\/image\/"},"sameAs":["https:\/\/www.facebook.com\/alldayled\/","https:\/\/www.instagram.com\/alldayled\/"],"vatID":"NL863960133B01","taxID":"86416545","hasMerchantReturnPolicy":{"@type":"MerchantReturnPolicy","merchantReturnLink":"https:\/\/www.oudadl.testontwikkeling.nl\/de\/verzenden-retourneren\/"}}]},"product_brand":"Strands","product_price_amount":"296.65","product_price_currency":"EUR","og_availability":"instock","product_availability":"instock","product_retailer_item_id":"ADL809173","product_condition":"new"},"_links":{"self":[{"href":"https:\/\/www.oudadl.testontwikkeling.nl\/de\/wp-json\/wp\/v2\/product\/10817","targetHints":{"allow":["GET"]}}],"collection":[{"href":"https:\/\/www.oudadl.testontwikkeling.nl\/de\/wp-json\/wp\/v2\/product"}],"about":[{"href":"https:\/\/www.oudadl.testontwikkeling.nl\/de\/wp-json\/wp\/v2\/types\/product"}],"replies":[{"embeddable":true,"href":"https:\/\/www.oudadl.testontwikkeling.nl\/de\/wp-json\/wp\/v2\/comments?post=10817"}],"wp:featuredmedia":[{"embeddable":true,"href":"https:\/\/www.oudadl.testontwikkeling.nl\/de\/wp-json\/wp\/v2\/media\/20008"}],"wp:attachment":[{"href":"https:\/\/www.oudadl.testontwikkeling.nl\/de\/wp-json\/wp\/v2\/media?parent=10817"}],"wp:term":[{"taxonomy":"product_brand","embeddable":true,"href":"https:\/\/www.oudadl.testontwikkeling.nl\/de\/wp-json\/wp\/v2\/product_brand?post=10817"},{"taxonomy":"product_cat","embeddable":true,"href":"https:\/\/www.oudadl.testontwikkeling.nl\/de\/wp-json\/wp\/v2\/product_cat?post=10817"},{"taxonomy":"product_tag","embeddable":true,"href":"https:\/\/www.oudadl.testontwikkeling.nl\/de\/wp-json\/wp\/v2\/product_tag?post=10817"}],"curies":[{"name":"wp","href":"https:\/\/api.w.org\/{rel}","templated":true}]}}