{"id":10628,"date":"2020-10-14T09:45:09","date_gmt":"2020-10-14T07:45:09","guid":{"rendered":"https:\/\/www.oudadl.testontwikkeling.nl\/?post_type=product&#038;p=10628"},"modified":"2025-11-28T13:04:36","modified_gmt":"2025-11-28T12:04:36","slug":"dasteri-6-led-marker-lampe-weis-24v","status":"publish","type":"product","link":"https:\/\/www.oudadl.testontwikkeling.nl\/de\/product\/dasteri-6-led-markeringslamp-wit-24v\/","title":{"rendered":"Dasteri 6 LED Begrenzungsleuchte wei\u00df 24V"},"content":{"rendered":"<p><span style=\"color: #000000\"><strong>Dasteri 6 LED Begrenzungsleuchte wei\u00df f\u00fcr 24 Volt.\u00a0<\/strong><\/span><\/p>\n<p><span style=\"color: #000000\">Suchen Sie eine gute LED Markierungslampe in der Farbe Wei\u00df? Dann ist diese LED-Markierungslampe von Dasteri m\u00f6glicherweise die Lampe, nach der Sie suchen. Dies ist eine Konturlampe, die das tut, was von ihr erwartet wird. Die LED-Lampe ist mit 6 LED ausgestattet. Die 6 LEDs sorgen daf\u00fcr, dass Sie mit geringem Stromverbrauch unterwegs sind. So sind Sie sowohl tags\u00fcber als auch abends gut sichtbar. Die wei\u00dfe Markierungslampe LED der Marke Dasteri kann nur mit 24 Volt verwendet werden. Dies bedeutet, dass Sie diese LED-Lampe beispielsweise f\u00fcr Ihren LKW oder Anh\u00e4nger verwenden k\u00f6nnen.<\/span><\/p>\n<p><span style=\"color: #000000\">Um sicherzustellen, dass diese hellwei\u00dfe LED-Markierung der Marke Dasteri f\u00fcr Ihren LKW oder Anh\u00e4nger geeignet ist, haben wir nachfolgend eine Reihe von Spezifikationen aufgef\u00fchrt. All dies, um Ihnen klar zu machen, warum dies m\u00f6glicherweise die LED-Lampe ist, nach der Sie suchen. Diese LED-Markierungslampe ist unter anderem mit dem ECE R10-Qualit\u00e4tszeichen versehen. Dieses Qualit\u00e4tszeichen bedeutet, dass die Lampe w\u00e4hrend der Aktivierung, z. B. Ihres Funksignals, nicht fehlerhaft funktioniert. Diese wei\u00dfe LED-Markierungslampe ist auch mit dem ECE R7-Qualit\u00e4tszeichen versehen. Dieses Qualit\u00e4tszeichen zeigt an, dass die LED-Lampe als Positionslampe verwendet werden kann.<\/span><\/p>\n<h5><span style=\"color: #000000\"><strong>Abmessungen:<\/strong><\/span><\/h5>\n<p><span style=\"color: #000000\">Damit Sie die wei\u00dfe Markierungsleuchte Dasteri LED an der gew\u00fcnschten Stelle montieren k\u00f6nnen, haben wir uns unten die Ma\u00dfe notiert. Die Ma\u00dfe der wei\u00dfen LED Lampe der Marke Dasteri sind wie folgt:<\/span><\/p>\n<ul>\n<li><span style=\"color: #000000\">L\u00e4nge: 96mm<\/span><\/li>\n<li><span style=\"color: #000000\">H\u00f6he: 20 mm<\/span><\/li>\n<li><span style=\"color: #000000\">Dicke: 6,4 mm<\/span><\/li>\n<li><span style=\"color: #000000\">HH: 86 mm<\/span><\/li>\n<\/ul>\n<h5><span style=\"color: #000000\"><strong>Andere Farben:<\/strong><\/span><\/h5>\n<p><span style=\"color: #000000\">Suchen Sie eine LED-Markierungslampe, aber nicht die Farbe Wei\u00df? Dann wissen Sie, dass dieses Modell mit 6 LED von Dasteri auch in folgenden Farben erh\u00e4ltlich ist:<\/span><\/p>\n<ul>\n<li><span style=\"color: #000000\"><strong><a style=\"color: #000000\" href=\"https:\/\/www.oudadl.testontwikkeling.nl\/de\/produkt\/dasteri-6-led-marker-lampe-rot-24v\/\">Dasteri 6 LED Begrenzungsleuchte rot<\/a><\/strong><\/span><\/li>\n<li><span style=\"color: #000000\"><strong><a style=\"color: #000000\" href=\"https:\/\/www.oudadl.testontwikkeling.nl\/de\/produkt\/dasteri-6-led-marker-lampe-orange-24v\/\">Dasteri 6 LED Begrenzungsleuchte orange<\/a><\/strong><\/span><\/li>\n<\/ul>\n<p><span style=\"color: #000000\">Glauben Sie immer noch, dass diese LED-Lampe nicht das ist, wonach Sie suchen? Einfach weil die Farbe oder Form nicht das ist, was Sie wollen? Schauen Sie sich unbedingt unsere Seite an <strong><a style=\"color: #000000\" href=\"https:\/\/www.oudadl.testontwikkeling.nl\/de\/produkt-kategorie\/positionslichter\/markeringslampen\/\">Markierungsleuchten<\/a><\/strong>. M\u00f6glicherweise finden Sie hier das Lampenmodell, das Sie suchen.<\/span><\/p>","protected":false},"excerpt":{"rendered":"<p>Dasteri 6 LED markeringslamp wit voor 24 volt gebruik.\u00a0 Bent u opzoek naar een goede LED markeringslamp in de kleur wit? Dan is deze LED markeringslamp van merk Dasteri wellicht d\u00e9 lamp waar u naar op zoek bent. Dit is een contourlamp die doet wat ervan word verwacht. De LED lamp is voorzien van 6 [&hellip;]<\/p>\n","protected":false},"featured_media":20930,"comment_status":"open","ping_status":"closed","template":"","meta":{"_acf_changed":false,"site-sidebar-layout":"default","site-content-layout":"default","ast-site-content-layout":"default","site-content-style":"default","site-sidebar-style":"default","ast-global-header-display":"","ast-banner-title-visibility":"","ast-main-header-display":"","ast-hfb-above-header-display":"","ast-hfb-below-header-display":"","ast-hfb-mobile-header-display":"","site-post-title":"","ast-breadcrumbs-content":"","ast-featured-img":"","footer-sml-layout":"","ast-disable-related-posts":"","theme-transparent-header-meta":"default","adv-header-id-meta":"","stick-header-meta":"","header-above-stick-meta":"","header-main-stick-meta":"","header-below-stick-meta":"","astra-migrate-meta-layouts":"set","ast-page-background-enabled":"default","ast-page-background-meta":{"desktop":{"background-color":"","background-image":"","background-repeat":"repeat","background-position":"center center","background-size":"auto","background-attachment":"scroll","background-type":"","background-media":"","overlay-type":"","overlay-color":"","overlay-opacity":"","overlay-gradient":""},"tablet":{"background-color":"","background-image":"","background-repeat":"repeat","background-position":"center center","background-size":"auto","background-attachment":"scroll","background-type":"","background-media":"","overlay-type":"","overlay-color":"","overlay-opacity":"","overlay-gradient":""},"mobile":{"background-color":"","background-image":"","background-repeat":"repeat","background-position":"center center","background-size":"auto","background-attachment":"scroll","background-type":"","background-media":"","overlay-type":"","overlay-color":"","overlay-opacity":"","overlay-gradient":""}},"ast-content-background-meta":{"desktop":{"background-color":"var(--ast-global-color-5)","background-image":"","background-repeat":"repeat","background-position":"center center","background-size":"auto","background-attachment":"scroll","background-type":"","background-media":"","overlay-type":"","overlay-color":"","overlay-opacity":"","overlay-gradient":""},"tablet":{"background-color":"var(--ast-global-color-5)","background-image":"","background-repeat":"repeat","background-position":"center center","background-size":"auto","background-attachment":"scroll","background-type":"","background-media":"","overlay-type":"","overlay-color":"","overlay-opacity":"","overlay-gradient":""},"mobile":{"background-color":"var(--ast-global-color-5)","background-image":"","background-repeat":"repeat","background-position":"center center","background-size":"auto","background-attachment":"scroll","background-type":"","background-media":"","overlay-type":"","overlay-color":"","overlay-opacity":"","overlay-gradient":""}}},"product_brand":[],"product_cat":[262],"product_tag":[263,2483,2476,5485,2554,2473,2474,2475],"class_list":{"0":"post-10628","1":"product","2":"type-product","3":"status-publish","4":"has-post-thumbnail","6":"product_cat-markeringslampen","7":"product_tag-contourverlichting","8":"product_tag-led-markering-wit","9":"product_tag-led-markeringslamp","10":"product_tag-led-markeringslamp-24-volt","11":"product_tag-led-markeringslamp-wit","12":"product_tag-markeringslamp-aanhanger","13":"product_tag-markeringslamp-trailer","14":"product_tag-markeringslamp-vrachtwagen","15":"pa_merkk-product-dasteri","16":"desktop-align-left","17":"tablet-align-left","18":"mobile-align-left","20":"first","21":"instock","22":"taxable","23":"shipping-taxable","24":"purchasable","25":"product-type-simple"},"acf":[],"yoast_head":"<!-- This site is optimized with the Yoast SEO Premium plugin v25.9 (Yoast SEO v27.6) - https:\/\/yoast.com\/product\/yoast-seo-premium-wordpress\/ -->\n<title>Dasteri LED markeringslamp wit voor 24 volt - met 6 LED - All Day Led<\/title>\n<meta name=\"description\" content=\"Dasteri LED markeringslamp wit - met 6 LED&#039;s - 24 volt gebruik - met ECE-R7 keurmerk - voor vrachtwagen en trailer - LED markering wit\" \/>\n<meta name=\"robots\" content=\"noindex, follow, max-snippet:-1, max-image-preview:large, max-video-preview:-1\" \/>\n<meta property=\"og:locale\" content=\"de_DE\" \/>\n<meta property=\"og:type\" content=\"article\" \/>\n<meta property=\"og:title\" content=\"Dasteri LED markeringslamp wit voor 24 volt - met 6 LED - All Day Led\" \/>\n<meta property=\"og:description\" content=\"Dasteri LED markeringslamp wit - met 6 LED&#039;s - 24 volt gebruik - met ECE-R7 keurmerk - voor vrachtwagen en trailer - LED markering wit\" \/>\n<meta property=\"og:url\" content=\"https:\/\/www.oudadl.testontwikkeling.nl\/de\/produkt\/dasteri-6-led-marker-lampe-weis-24v\/\" \/>\n<meta property=\"og:site_name\" content=\"All Day Led\" \/>\n<meta property=\"article:publisher\" content=\"https:\/\/www.facebook.com\/alldayled\/\" \/>\n<meta property=\"article:modified_time\" content=\"2025-11-28T12:04:36+00:00\" \/>\n<meta property=\"og:image\" content=\"https:\/\/www.oudadl.testontwikkeling.nl\/wp-content\/uploads\/2024\/05\/ADL03567.png\" \/>\n\t<meta property=\"og:image:width\" content=\"800\" \/>\n\t<meta property=\"og:image:height\" content=\"800\" \/>\n\t<meta property=\"og:image:type\" content=\"image\/png\" \/>\n<meta name=\"twitter:label1\" content=\"Preis\" \/>\n\t<meta name=\"twitter:data1\" content=\"&euro;7,25\" \/>\n\t<meta name=\"twitter:label2\" content=\"Verf\u00fcgbarkeit\" \/>\n\t<meta name=\"twitter:data2\" content=\"Auf Lager\" \/>\n<script type=\"application\/ld+json\" class=\"yoast-schema-graph\">{\"@context\":\"https:\\\/\\\/schema.org\",\"@graph\":[{\"@type\":\"WebPage\",\"@id\":\"https:\\\/\\\/www.oudadl.testontwikkeling.nl\\\/product\\\/dasteri-6-led-markeringslamp-wit-24v\\\/\",\"url\":\"https:\\\/\\\/www.oudadl.testontwikkeling.nl\\\/product\\\/dasteri-6-led-markeringslamp-wit-24v\\\/\",\"name\":\"Dasteri LED markeringslamp wit voor 24 volt - met 6 LED - All Day Led\",\"isPartOf\":{\"@id\":\"https:\\\/\\\/www.oudadl.testontwikkeling.nl\\\/#website\"},\"primaryImageOfPage\":{\"@id\":\"https:\\\/\\\/www.oudadl.testontwikkeling.nl\\\/product\\\/dasteri-6-led-markeringslamp-wit-24v\\\/#primaryimage\"},\"image\":{\"@id\":\"https:\\\/\\\/www.oudadl.testontwikkeling.nl\\\/product\\\/dasteri-6-led-markeringslamp-wit-24v\\\/#primaryimage\"},\"thumbnailUrl\":\"https:\\\/\\\/www.oudadl.testontwikkeling.nl\\\/wp-content\\\/uploads\\\/2020\\\/10\\\/ADL03567.png\",\"datePublished\":\"2020-10-14T07:45:09+00:00\",\"dateModified\":\"2025-11-28T12:04:36+00:00\",\"description\":\"Dasteri LED markeringslamp wit - met 6 LED's - 24 volt gebruik - met ECE-R7 keurmerk - voor vrachtwagen en trailer - LED markering wit\",\"breadcrumb\":{\"@id\":\"https:\\\/\\\/www.oudadl.testontwikkeling.nl\\\/product\\\/dasteri-6-led-markeringslamp-wit-24v\\\/#breadcrumb\"},\"inLanguage\":\"de\",\"potentialAction\":[{\"@type\":\"ReadAction\",\"target\":[\"https:\\\/\\\/www.oudadl.testontwikkeling.nl\\\/product\\\/dasteri-6-led-markeringslamp-wit-24v\\\/\"]}]},{\"@type\":\"ImageObject\",\"inLanguage\":\"de\",\"@id\":\"https:\\\/\\\/www.oudadl.testontwikkeling.nl\\\/product\\\/dasteri-6-led-markeringslamp-wit-24v\\\/#primaryimage\",\"url\":\"https:\\\/\\\/www.oudadl.testontwikkeling.nl\\\/wp-content\\\/uploads\\\/2020\\\/10\\\/ADL03567.png\",\"contentUrl\":\"https:\\\/\\\/www.oudadl.testontwikkeling.nl\\\/wp-content\\\/uploads\\\/2020\\\/10\\\/ADL03567.png\",\"width\":800,\"height\":600,\"caption\":\"Dasteri 6 LED markeringslamp wit voor 24 volt gebruik - vrachtwagen verlichting - trailer verlichting - EAN: 6090541019047\"},{\"@type\":\"BreadcrumbList\",\"@id\":\"https:\\\/\\\/www.oudadl.testontwikkeling.nl\\\/product\\\/dasteri-6-led-markeringslamp-wit-24v\\\/#breadcrumb\",\"itemListElement\":[{\"@type\":\"ListItem\",\"position\":1,\"name\":\"Home\",\"item\":\"https:\\\/\\\/www.oudadl.testontwikkeling.nl\\\/\"},{\"@type\":\"ListItem\",\"position\":2,\"name\":\"Shop\",\"item\":\"https:\\\/\\\/www.oudadl.testontwikkeling.nl\\\/de\\\/shop\\\/\"},{\"@type\":\"ListItem\",\"position\":3,\"name\":\"Positielampen\",\"item\":\"https:\\\/\\\/www.oudadl.testontwikkeling.nl\\\/product-categorie\\\/positielampen\\\/\"},{\"@type\":\"ListItem\",\"position\":4,\"name\":\"Markeringslampen\",\"item\":\"https:\\\/\\\/www.oudadl.testontwikkeling.nl\\\/product-categorie\\\/positielampen\\\/markeringslampen\\\/\"},{\"@type\":\"ListItem\",\"position\":5,\"name\":\"Dasteri 6 LED markeringslamp wit 24V\"}]},{\"@type\":\"WebSite\",\"@id\":\"https:\\\/\\\/www.oudadl.testontwikkeling.nl\\\/#website\",\"url\":\"https:\\\/\\\/www.oudadl.testontwikkeling.nl\\\/\",\"name\":\"All Day Led\",\"description\":\"\",\"publisher\":{\"@id\":\"https:\\\/\\\/www.oudadl.testontwikkeling.nl\\\/#organization\"},\"potentialAction\":[{\"@type\":\"SearchAction\",\"target\":{\"@type\":\"EntryPoint\",\"urlTemplate\":\"https:\\\/\\\/www.oudadl.testontwikkeling.nl\\\/?s={search_term_string}\"},\"query-input\":{\"@type\":\"PropertyValueSpecification\",\"valueRequired\":true,\"valueName\":\"search_term_string\"}}],\"inLanguage\":\"de\"},{\"@type\":\"Organization\",\"@id\":\"https:\\\/\\\/www.oudadl.testontwikkeling.nl\\\/#organization\",\"name\":\"All Day Led\",\"url\":\"https:\\\/\\\/www.oudadl.testontwikkeling.nl\\\/\",\"logo\":{\"@type\":\"ImageObject\",\"inLanguage\":\"de\",\"@id\":\"https:\\\/\\\/www.oudadl.testontwikkeling.nl\\\/#\\\/schema\\\/logo\\\/image\\\/\",\"url\":\"https:\\\/\\\/www.oudadl.testontwikkeling.nl\\\/wp-content\\\/uploads\\\/2022\\\/08\\\/Logo-ALL-DAY-LED-800x800-zwart-witte-letters.png\",\"contentUrl\":\"https:\\\/\\\/www.oudadl.testontwikkeling.nl\\\/wp-content\\\/uploads\\\/2022\\\/08\\\/Logo-ALL-DAY-LED-800x800-zwart-witte-letters.png\",\"width\":800,\"height\":800,\"caption\":\"All Day Led\"},\"image\":{\"@id\":\"https:\\\/\\\/www.oudadl.testontwikkeling.nl\\\/#\\\/schema\\\/logo\\\/image\\\/\"},\"sameAs\":[\"https:\\\/\\\/www.facebook.com\\\/alldayled\\\/\",\"https:\\\/\\\/www.instagram.com\\\/alldayled\\\/\"],\"vatID\":\"NL863960133B01\",\"taxID\":\"86416545\",\"hasMerchantReturnPolicy\":{\"@type\":\"MerchantReturnPolicy\",\"merchantReturnLink\":\"https:\\\/\\\/www.oudadl.testontwikkeling.nl\\\/de\\\/verzenden-retourneren\\\/\"}}]}<\/script>\n<meta property=\"product:brand\" content=\"Dasteri\" \/>\n<meta property=\"product:price:amount\" content=\"7.25\" \/>\n<meta property=\"product:price:currency\" content=\"EUR\" \/>\n<meta property=\"og:availability\" content=\"instock\" \/>\n<meta property=\"product:availability\" content=\"instock\" \/>\n<meta property=\"product:retailer_item_id\" content=\"ADL03567\" \/>\n<meta property=\"product:condition\" content=\"new\" \/>\n<!-- \/ Yoast SEO Premium plugin. -->","yoast_head_json":{"title":"Dasteri LED Markierungslampe wei\u00df f\u00fcr 24 Volt - mit 6 LED - All Day Led","description":"Dasteri LED Begrenzungsleuchte wei\u00df - mit 6 LED - 24 Volt Verwendung - mit ECE-R7 Qualit\u00e4tszeichen - f\u00fcr LKW und Anh\u00e4nger - LED Kennzeichnung wei\u00df","robots":{"index":"noindex","follow":"follow","max-snippet":"max-snippet:-1","max-image-preview":"max-image-preview:large","max-video-preview":"max-video-preview:-1"},"og_locale":"de_DE","og_type":"article","og_title":"Dasteri LED markeringslamp wit voor 24 volt - met 6 LED - All Day Led","og_description":"Dasteri LED markeringslamp wit - met 6 LED's - 24 volt gebruik - met ECE-R7 keurmerk - voor vrachtwagen en trailer - LED markering wit","og_url":"https:\/\/www.oudadl.testontwikkeling.nl\/de\/produkt\/dasteri-6-led-marker-lampe-weis-24v\/","og_site_name":"All Day Led","article_publisher":"https:\/\/www.facebook.com\/alldayled\/","article_modified_time":"2025-11-28T12:04:36+00:00","og_image":[{"width":800,"height":800,"url":"https:\/\/www.oudadl.testontwikkeling.nl\/wp-content\/uploads\/2024\/05\/ADL03567.png","type":"image\/png"}],"twitter_misc":{"Preis":"&euro;7,25","Verf\u00fcgbarkeit":"Auf Lager"},"schema":{"@context":"https:\/\/schema.org","@graph":[{"@type":"WebPage","@id":"https:\/\/www.oudadl.testontwikkeling.nl\/product\/dasteri-6-led-markeringslamp-wit-24v\/","url":"https:\/\/www.oudadl.testontwikkeling.nl\/product\/dasteri-6-led-markeringslamp-wit-24v\/","name":"Dasteri LED Markierungslampe wei\u00df f\u00fcr 24 Volt - mit 6 LED - All Day Led","isPartOf":{"@id":"https:\/\/www.oudadl.testontwikkeling.nl\/#website"},"primaryImageOfPage":{"@id":"https:\/\/www.oudadl.testontwikkeling.nl\/product\/dasteri-6-led-markeringslamp-wit-24v\/#primaryimage"},"image":{"@id":"https:\/\/www.oudadl.testontwikkeling.nl\/product\/dasteri-6-led-markeringslamp-wit-24v\/#primaryimage"},"thumbnailUrl":"https:\/\/www.oudadl.testontwikkeling.nl\/wp-content\/uploads\/2020\/10\/ADL03567.png","datePublished":"2020-10-14T07:45:09+00:00","dateModified":"2025-11-28T12:04:36+00:00","description":"Dasteri LED Begrenzungsleuchte wei\u00df - mit 6 LED - 24 Volt Verwendung - mit ECE-R7 Qualit\u00e4tszeichen - f\u00fcr LKW und Anh\u00e4nger - LED Kennzeichnung wei\u00df","breadcrumb":{"@id":"https:\/\/www.oudadl.testontwikkeling.nl\/product\/dasteri-6-led-markeringslamp-wit-24v\/#breadcrumb"},"inLanguage":"de","potentialAction":[{"@type":"ReadAction","target":["https:\/\/www.oudadl.testontwikkeling.nl\/product\/dasteri-6-led-markeringslamp-wit-24v\/"]}]},{"@type":"ImageObject","inLanguage":"de","@id":"https:\/\/www.oudadl.testontwikkeling.nl\/product\/dasteri-6-led-markeringslamp-wit-24v\/#primaryimage","url":"https:\/\/www.oudadl.testontwikkeling.nl\/wp-content\/uploads\/2020\/10\/ADL03567.png","contentUrl":"https:\/\/www.oudadl.testontwikkeling.nl\/wp-content\/uploads\/2020\/10\/ADL03567.png","width":800,"height":600,"caption":"Dasteri 6 LED markeringslamp wit voor 24 volt gebruik - vrachtwagen verlichting - trailer verlichting - EAN: 6090541019047"},{"@type":"BreadcrumbList","@id":"https:\/\/www.oudadl.testontwikkeling.nl\/product\/dasteri-6-led-markeringslamp-wit-24v\/#breadcrumb","itemListElement":[{"@type":"ListItem","position":1,"name":"Home","item":"https:\/\/www.oudadl.testontwikkeling.nl\/"},{"@type":"ListItem","position":2,"name":"Shop","item":"https:\/\/www.oudadl.testontwikkeling.nl\/de\/shop\/"},{"@type":"ListItem","position":3,"name":"Positielampen","item":"https:\/\/www.oudadl.testontwikkeling.nl\/product-categorie\/positielampen\/"},{"@type":"ListItem","position":4,"name":"Markeringslampen","item":"https:\/\/www.oudadl.testontwikkeling.nl\/product-categorie\/positielampen\/markeringslampen\/"},{"@type":"ListItem","position":5,"name":"Dasteri 6 LED markeringslamp wit 24V"}]},{"@type":"WebSite","@id":"https:\/\/www.oudadl.testontwikkeling.nl\/#website","url":"https:\/\/www.oudadl.testontwikkeling.nl\/","name":"All Day Led","description":"","publisher":{"@id":"https:\/\/www.oudadl.testontwikkeling.nl\/#organization"},"potentialAction":[{"@type":"SearchAction","target":{"@type":"EntryPoint","urlTemplate":"https:\/\/www.oudadl.testontwikkeling.nl\/?s={search_term_string}"},"query-input":{"@type":"PropertyValueSpecification","valueRequired":true,"valueName":"search_term_string"}}],"inLanguage":"de"},{"@type":"Organization","@id":"https:\/\/www.oudadl.testontwikkeling.nl\/#organization","name":"All Day Led","url":"https:\/\/www.oudadl.testontwikkeling.nl\/","logo":{"@type":"ImageObject","inLanguage":"de","@id":"https:\/\/www.oudadl.testontwikkeling.nl\/#\/schema\/logo\/image\/","url":"https:\/\/www.oudadl.testontwikkeling.nl\/wp-content\/uploads\/2022\/08\/Logo-ALL-DAY-LED-800x800-zwart-witte-letters.png","contentUrl":"https:\/\/www.oudadl.testontwikkeling.nl\/wp-content\/uploads\/2022\/08\/Logo-ALL-DAY-LED-800x800-zwart-witte-letters.png","width":800,"height":800,"caption":"All Day Led"},"image":{"@id":"https:\/\/www.oudadl.testontwikkeling.nl\/#\/schema\/logo\/image\/"},"sameAs":["https:\/\/www.facebook.com\/alldayled\/","https:\/\/www.instagram.com\/alldayled\/"],"vatID":"NL863960133B01","taxID":"86416545","hasMerchantReturnPolicy":{"@type":"MerchantReturnPolicy","merchantReturnLink":"https:\/\/www.oudadl.testontwikkeling.nl\/de\/verzenden-retourneren\/"}}]},"product_brand":"Dasteri","product_price_amount":"7.25","product_price_currency":"EUR","og_availability":"instock","product_availability":"instock","product_retailer_item_id":"ADL03567","product_condition":"new"},"_links":{"self":[{"href":"https:\/\/www.oudadl.testontwikkeling.nl\/de\/wp-json\/wp\/v2\/product\/10628","targetHints":{"allow":["GET"]}}],"collection":[{"href":"https:\/\/www.oudadl.testontwikkeling.nl\/de\/wp-json\/wp\/v2\/product"}],"about":[{"href":"https:\/\/www.oudadl.testontwikkeling.nl\/de\/wp-json\/wp\/v2\/types\/product"}],"replies":[{"embeddable":true,"href":"https:\/\/www.oudadl.testontwikkeling.nl\/de\/wp-json\/wp\/v2\/comments?post=10628"}],"wp:featuredmedia":[{"embeddable":true,"href":"https:\/\/www.oudadl.testontwikkeling.nl\/de\/wp-json\/wp\/v2\/media\/20930"}],"wp:attachment":[{"href":"https:\/\/www.oudadl.testontwikkeling.nl\/de\/wp-json\/wp\/v2\/media?parent=10628"}],"wp:term":[{"taxonomy":"product_brand","embeddable":true,"href":"https:\/\/www.oudadl.testontwikkeling.nl\/de\/wp-json\/wp\/v2\/product_brand?post=10628"},{"taxonomy":"product_cat","embeddable":true,"href":"https:\/\/www.oudadl.testontwikkeling.nl\/de\/wp-json\/wp\/v2\/product_cat?post=10628"},{"taxonomy":"product_tag","embeddable":true,"href":"https:\/\/www.oudadl.testontwikkeling.nl\/de\/wp-json\/wp\/v2\/product_tag?post=10628"}],"curies":[{"name":"wp","href":"https:\/\/api.w.org\/{rel}","templated":true}]}}