{"id":326,"date":"2020-03-16T13:18:24","date_gmt":"2020-03-16T13:18:24","guid":{"rendered":"http:\/\/alldayled.testomgeving.website\/?page_id=326"},"modified":"2024-06-26T10:05:25","modified_gmt":"2024-06-26T09:05:25","slug":"bezahlen","status":"publish","type":"page","link":"https:\/\/www.oudadl.testontwikkeling.nl\/de\/betalen\/","title":{"rendered":"Zahlungsarten"},"content":{"rendered":"<div data-elementor-type=\"wp-page\" data-elementor-id=\"326\" class=\"elementor elementor-326\" data-elementor-post-type=\"page\">\n\t\t\t\t\t\t<section class=\"elementor-section elementor-top-section elementor-element elementor-element-416c530 elementor-section-boxed elementor-section-height-default elementor-section-height-default\" data-id=\"416c530\" data-element_type=\"section\" data-e-type=\"section\">\n\t\t\t\t\t\t<div class=\"elementor-container elementor-column-gap-default\">\n\t\t\t\t\t<div class=\"elementor-column elementor-col-100 elementor-top-column elementor-element elementor-element-91567fc\" data-id=\"91567fc\" data-element_type=\"column\" data-e-type=\"column\">\n\t\t\t<div class=\"elementor-widget-wrap elementor-element-populated\">\n\t\t\t\t\t\t<div class=\"elementor-element elementor-element-d589ac0 elementor-widget elementor-widget-heading\" data-id=\"d589ac0\" data-element_type=\"widget\" data-e-type=\"widget\" data-widget_type=\"heading.default\">\n\t\t\t\t<div class=\"elementor-widget-container\">\n\t\t\t\t\t<h1 class=\"elementor-heading-title elementor-size-default\">Zahlen<\/h1>\t\t\t\t<\/div>\n\t\t\t\t<\/div>\n\t\t\t\t<div class=\"elementor-element elementor-element-e5ad3f4 elementor-widget elementor-widget-text-editor\" data-id=\"e5ad3f4\" data-element_type=\"widget\" data-e-type=\"widget\" data-widget_type=\"text-editor.default\">\n\t\t\t\t<div class=\"elementor-widget-container\">\n\t\t\t\t\t\t\t\t\t<h3 style=\"text-align: left;\"><span style=\"color: #000000;\"><strong>Informationen zu den Zahlungsm\u00f6glichkeiten von All Day Led \u00a0<\/strong><\/span><\/h3><p style=\"text-align: left;\"><span style=\"color: #000000;\">Neben dem Angebot verschiedener Zahlungsm\u00f6glichkeiten legen wir auch gro\u00dfen Wert auf die Online-Sicherheit unserer Kunden. Durch unsere Zusammenarbeit mit Mollie garantieren wir, dass jeder sicher bei uns bezahlen kann. Bezahlen und Billink. Dank der Zusammenarbeit mit Mollie k\u00f6nnen wir auf folgende Weise bezahlen:<\/span><\/p><ul style=\"text-align: left;\"><li><span style=\"color: #000000;\">iDEAL<\/span><\/li><li><span style=\"color: #000000;\">Bankontakt<\/span><\/li><li><span style=\"color: #000000;\">Belfius Direct Net<\/span><\/li><li><span style=\"color: #000000;\">KBC \/ CBC-Zahlungstaste<\/span><\/li><li><span style=\"color: #000000;\">Przelewy24\u00a0<\/span><\/li><li><span style=\"color: #000000;\">Apple Pay<\/span><\/li><li><span style=\"color: #000000;\">PayPal<\/span><\/li><li><span style=\"color: #000000;\">Billie<\/span><\/li><li><span style=\"color: #000000;\">EPS<\/span><\/li><li><span style=\"color: #000000;\">Sepa Bank\u00fcberweisung (Bestellung wird nach Zahlungseingang versendet)\u00a0<\/span><\/li><li><span style=\"color: #000000;\">Kreditkarte (VISA, Mastercard, American Express, Maestro, PostePay und Cartes Bancaires)<\/span><\/li><\/ul><section class=\"default\"><div class=\"container\"><div class=\"row\"><div class=\"column-12-12\"><div class=\"content-area\"><p style=\"text-align: left;\"><span style=\"color: #000000;\">Alle unsere Zahlungen werden auf sicheren Seiten abgewickelt, um die Online-Sicherheit zu gew\u00e4hrleisten. Wenn Sie Fragen zum Bezahlen auf unserer Website haben, k\u00f6nnen Sie jederzeit eine E-Mail an senden <a style=\"color: #000000;\" href=\"mailto:sales@alldayled.com?subject=Vraag%20over%20betaalmethode\">sales@alldayled.com<\/a>.<\/span><\/p><\/div><\/div><\/div><\/div><\/section><h3 style=\"text-align: left;\"><span style=\"color: #000000;\"><strong>Zahlung ist nicht erfolgreich?<\/strong><\/span><\/h3><p style=\"text-align: left;\"><span style=\"color: #000000;\">In Ausnahmef\u00e4llen kann Ihre Zahlung leider fehlschlagen! Dies kann auf die Wartung der Bank auf der Zahlungswebsite oder auf eine vor\u00fcbergehende Fehlfunktion zur\u00fcckzuf\u00fchren sein. Wir empfehlen Ihnen, es erneut zu versuchen, um Ihre Zahlung abzuschlie\u00dfen. Wenn es auch nicht m\u00f6glich ist, zu einem anderen Zeitpunkt zu bezahlen, kontaktieren Sie uns bitte \u00fcber <a style=\"color: #000000;\" href=\"mailto:sales@alldayled.com?subject=Betalen%20website%20lukt%20niet.\">sales@alldayled.com<\/a>. Wir ermitteln dann das Problem und helfen Ihnen gerne beim Abschluss Ihres Bestellvorgangs.<\/span><\/p>\t\t\t\t\t\t\t\t<\/div>\n\t\t\t\t<\/div>\n\t\t\t\t<div class=\"elementor-element elementor-element-bf845cd elementor-widget elementor-widget-image\" data-id=\"bf845cd\" data-element_type=\"widget\" data-e-type=\"widget\" data-widget_type=\"image.default\">\n\t\t\t\t<div class=\"elementor-widget-container\">\n\t\t\t\t\t\t\t\t\t\t\t\t\t\t\t<img loading=\"lazy\" decoding=\"async\" width=\"676\" height=\"50\" src=\"https:\/\/www.oudadl.testontwikkeling.nl\/wp-content\/uploads\/2024\/04\/Betaallogo-webshop.png\" class=\"attachment-full size-full wp-image-45041\" alt=\"\" srcset=\"https:\/\/www.oudadl.testontwikkeling.nl\/wp-content\/uploads\/2024\/04\/Betaallogo-webshop.png 676w, https:\/\/www.oudadl.testontwikkeling.nl\/wp-content\/uploads\/2024\/04\/Betaallogo-webshop-500x37.png 500w, https:\/\/www.oudadl.testontwikkeling.nl\/wp-content\/uploads\/2024\/04\/Betaallogo-webshop-550x41.png 550w, https:\/\/www.oudadl.testontwikkeling.nl\/wp-content\/uploads\/2024\/04\/Betaallogo-webshop-600x44.png 600w, https:\/\/www.oudadl.testontwikkeling.nl\/wp-content\/uploads\/2024\/04\/Betaallogo-webshop-64x5.png 64w, https:\/\/www.oudadl.testontwikkeling.nl\/wp-content\/uploads\/2024\/04\/Betaallogo-webshop-300x22.png 300w, https:\/\/www.oudadl.testontwikkeling.nl\/wp-content\/uploads\/2024\/04\/Betaallogo-webshop-18x1.png 18w\" sizes=\"auto, (max-width: 676px) 100vw, 676px\" \/>\t\t\t\t\t\t\t\t\t\t\t\t\t\t\t<\/div>\n\t\t\t\t<\/div>\n\t\t\t\t\t<\/div>\n\t\t<\/div>\n\t\t\t\t\t<\/div>\n\t\t<\/section>\n\t\t\t\t<\/div>","protected":false},"excerpt":{"rendered":"<p>Betalen Informatie over de betaalopties van All Day Led \u00a0 Naast het aanbieden van verschillende betaalopties hechten wij ook veel waarde aan de online veiligheid van onze klanten. Wij garanderen dat\u00a0iedereen\u00a0bij ons\u00a0veilig kan betalen door onze samenwerking met Mollie. Pay en Billink. Door de samenwerking met Mollie kan bij ons op de volgende manieren betaald [&hellip;]<\/p>\n","protected":false},"author":7,"featured_media":0,"parent":0,"menu_order":0,"comment_status":"closed","ping_status":"closed","template":"","meta":{"_acf_changed":false,"site-sidebar-layout":"no-sidebar","site-content-layout":"page-builder","ast-site-content-layout":"default","site-content-style":"default","site-sidebar-style":"default","ast-global-header-display":"","ast-banner-title-visibility":"","ast-main-header-display":"","ast-hfb-above-header-display":"","ast-hfb-below-header-display":"","ast-hfb-mobile-header-display":"","site-post-title":"disabled","ast-breadcrumbs-content":"","ast-featured-img":"disabled","footer-sml-layout":"","ast-disable-related-posts":"","theme-transparent-header-meta":"default","adv-header-id-meta":"","stick-header-meta":"","header-above-stick-meta":"","header-main-stick-meta":"","header-below-stick-meta":"","astra-migrate-meta-layouts":"default","ast-page-background-enabled":"default","ast-page-background-meta":{"desktop":{"background-color":"","background-image":"","background-repeat":"repeat","background-position":"center center","background-size":"auto","background-attachment":"scroll","background-type":"","background-media":"","overlay-type":"","overlay-color":"","overlay-opacity":"","overlay-gradient":""},"tablet":{"background-color":"","background-image":"","background-repeat":"repeat","background-position":"center center","background-size":"auto","background-attachment":"scroll","background-type":"","background-media":"","overlay-type":"","overlay-color":"","overlay-opacity":"","overlay-gradient":""},"mobile":{"background-color":"","background-image":"","background-repeat":"repeat","background-position":"center center","background-size":"auto","background-attachment":"scroll","background-type":"","background-media":"","overlay-type":"","overlay-color":"","overlay-opacity":"","overlay-gradient":""}},"ast-content-background-meta":{"desktop":{"background-color":"var(--ast-global-color-5)","background-image":"","background-repeat":"repeat","background-position":"center center","background-size":"auto","background-attachment":"scroll","background-type":"","background-media":"","overlay-type":"","overlay-color":"","overlay-opacity":"","overlay-gradient":""},"tablet":{"background-color":"var(--ast-global-color-5)","background-image":"","background-repeat":"repeat","background-position":"center center","background-size":"auto","background-attachment":"scroll","background-type":"","background-media":"","overlay-type":"","overlay-color":"","overlay-opacity":"","overlay-gradient":""},"mobile":{"background-color":"var(--ast-global-color-5)","background-image":"","background-repeat":"repeat","background-position":"center center","background-size":"auto","background-attachment":"scroll","background-type":"","background-media":"","overlay-type":"","overlay-color":"","overlay-opacity":"","overlay-gradient":""}},"footnotes":""},"class_list":["post-326","page","type-page","status-publish","hentry"],"acf":[],"yoast_head":"<!-- This site is optimized with the Yoast SEO Premium plugin v25.9 (Yoast SEO v27.6) - https:\/\/yoast.com\/product\/yoast-seo-premium-wordpress\/ -->\n<title>Betaalopties - All Day Led - verlichting voor 12&amp;24 volt<\/title>\n<meta name=\"description\" content=\"Betaalopties All Day Led - betaal veilig online door gebruik te maken van een van onze betaalopties - iDeal - PayPal - Creditcard\" \/>\n<meta name=\"robots\" content=\"noindex, follow\" \/>\n<meta property=\"og:locale\" content=\"de_DE\" \/>\n<meta property=\"og:type\" content=\"article\" \/>\n<meta property=\"og:title\" content=\"Betaalmethoden\" \/>\n<meta property=\"og:description\" content=\"Betalen Informatie over de betaalopties van All Day Led \u00a0Naast het aanbieden van verschillende betaalopties hechten wij ook veel waarde aan de online\" \/>\n<meta property=\"og:url\" content=\"https:\/\/www.oudadl.testontwikkeling.nl\/de\/bezahlen\/\" \/>\n<meta property=\"og:site_name\" content=\"All Day Led\" \/>\n<meta property=\"article:publisher\" content=\"https:\/\/www.facebook.com\/alldayled\/\" \/>\n<meta property=\"article:modified_time\" content=\"2024-06-26T09:05:25+00:00\" \/>\n<meta property=\"og:image\" content=\"https:\/\/www.oudadl.testontwikkeling.nl\/wp-content\/uploads\/2024\/04\/Betaallogo-webshop.png\" \/>\n<meta name=\"twitter:label1\" content=\"Gesch\u00e4tzte Lesezeit\" \/>\n\t<meta name=\"twitter:data1\" content=\"2\u00a0Minuten\" \/>\n<script type=\"application\/ld+json\" class=\"yoast-schema-graph\">{\"@context\":\"https:\\\/\\\/schema.org\",\"@graph\":[{\"@type\":[\"WebPage\",\"CheckoutPage\"],\"@id\":\"https:\\\/\\\/www.oudadl.testontwikkeling.nl\\\/betalen\\\/\",\"url\":\"https:\\\/\\\/www.oudadl.testontwikkeling.nl\\\/betalen\\\/\",\"name\":\"Betaalopties - All Day Led - verlichting voor 12&24 volt\",\"isPartOf\":{\"@id\":\"https:\\\/\\\/www.oudadl.testontwikkeling.nl\\\/#website\"},\"primaryImageOfPage\":{\"@id\":\"https:\\\/\\\/www.oudadl.testontwikkeling.nl\\\/betalen\\\/#primaryimage\"},\"image\":{\"@id\":\"https:\\\/\\\/www.oudadl.testontwikkeling.nl\\\/betalen\\\/#primaryimage\"},\"thumbnailUrl\":\"https:\\\/\\\/www.oudadl.testontwikkeling.nl\\\/wp-content\\\/uploads\\\/2024\\\/04\\\/Betaallogo-webshop.png\",\"datePublished\":\"2020-03-16T13:18:24+00:00\",\"dateModified\":\"2024-06-26T09:05:25+00:00\",\"description\":\"Betaalopties All Day Led - betaal veilig online door gebruik te maken van een van onze betaalopties - iDeal - PayPal - Creditcard\",\"breadcrumb\":{\"@id\":\"https:\\\/\\\/www.oudadl.testontwikkeling.nl\\\/betalen\\\/#breadcrumb\"},\"inLanguage\":\"de\",\"potentialAction\":[{\"@type\":\"ReadAction\",\"target\":[\"https:\\\/\\\/www.oudadl.testontwikkeling.nl\\\/betalen\\\/\"]}]},{\"@type\":\"ImageObject\",\"inLanguage\":\"de\",\"@id\":\"https:\\\/\\\/www.oudadl.testontwikkeling.nl\\\/betalen\\\/#primaryimage\",\"url\":\"https:\\\/\\\/www.oudadl.testontwikkeling.nl\\\/wp-content\\\/uploads\\\/2024\\\/04\\\/Betaallogo-webshop.png\",\"contentUrl\":\"https:\\\/\\\/www.oudadl.testontwikkeling.nl\\\/wp-content\\\/uploads\\\/2024\\\/04\\\/Betaallogo-webshop.png\"},{\"@type\":\"BreadcrumbList\",\"@id\":\"https:\\\/\\\/www.oudadl.testontwikkeling.nl\\\/betalen\\\/#breadcrumb\",\"itemListElement\":[{\"@type\":\"ListItem\",\"position\":1,\"name\":\"Home\",\"item\":\"https:\\\/\\\/www.oudadl.testontwikkeling.nl\\\/\"},{\"@type\":\"ListItem\",\"position\":2,\"name\":\"Betaalmethoden\"}]},{\"@type\":\"WebSite\",\"@id\":\"https:\\\/\\\/www.oudadl.testontwikkeling.nl\\\/#website\",\"url\":\"https:\\\/\\\/www.oudadl.testontwikkeling.nl\\\/\",\"name\":\"All Day Led\",\"description\":\"\",\"publisher\":{\"@id\":\"https:\\\/\\\/www.oudadl.testontwikkeling.nl\\\/#organization\"},\"potentialAction\":[{\"@type\":\"SearchAction\",\"target\":{\"@type\":\"EntryPoint\",\"urlTemplate\":\"https:\\\/\\\/www.oudadl.testontwikkeling.nl\\\/?s={search_term_string}\"},\"query-input\":{\"@type\":\"PropertyValueSpecification\",\"valueRequired\":true,\"valueName\":\"search_term_string\"}}],\"inLanguage\":\"de\"},{\"@type\":\"Organization\",\"@id\":\"https:\\\/\\\/www.oudadl.testontwikkeling.nl\\\/#organization\",\"name\":\"All Day Led\",\"url\":\"https:\\\/\\\/www.oudadl.testontwikkeling.nl\\\/\",\"logo\":{\"@type\":\"ImageObject\",\"inLanguage\":\"de\",\"@id\":\"https:\\\/\\\/www.oudadl.testontwikkeling.nl\\\/#\\\/schema\\\/logo\\\/image\\\/\",\"url\":\"https:\\\/\\\/www.oudadl.testontwikkeling.nl\\\/wp-content\\\/uploads\\\/2022\\\/08\\\/Logo-ALL-DAY-LED-800x800-zwart-witte-letters.png\",\"contentUrl\":\"https:\\\/\\\/www.oudadl.testontwikkeling.nl\\\/wp-content\\\/uploads\\\/2022\\\/08\\\/Logo-ALL-DAY-LED-800x800-zwart-witte-letters.png\",\"width\":800,\"height\":800,\"caption\":\"All Day Led\"},\"image\":{\"@id\":\"https:\\\/\\\/www.oudadl.testontwikkeling.nl\\\/#\\\/schema\\\/logo\\\/image\\\/\"},\"sameAs\":[\"https:\\\/\\\/www.facebook.com\\\/alldayled\\\/\",\"https:\\\/\\\/www.instagram.com\\\/alldayled\\\/\"],\"vatID\":\"NL863960133B01\",\"taxID\":\"86416545\",\"hasMerchantReturnPolicy\":{\"@type\":\"MerchantReturnPolicy\",\"merchantReturnLink\":\"https:\\\/\\\/www.oudadl.testontwikkeling.nl\\\/de\\\/verzenden-retourneren\\\/\"}}]}<\/script>\n<!-- \/ Yoast SEO Premium plugin. -->","yoast_head_json":{"title":"Zahlungsm\u00f6glichkeiten - All Day LED-Beleuchtung f\u00fcr 12&amp;24 volt","description":"Zahlungsoptionen All Day Led - Bezahlen Sie sicher online mit einer unserer Zahlungsoptionen - iDeal - PayPal - Kreditkarte","robots":{"index":"noindex","follow":"follow"},"og_locale":"de_DE","og_type":"article","og_title":"Betaalmethoden","og_description":"Betalen Informatie over de betaalopties van All Day Led \u00a0Naast het aanbieden van verschillende betaalopties hechten wij ook veel waarde aan de online","og_url":"https:\/\/www.oudadl.testontwikkeling.nl\/de\/bezahlen\/","og_site_name":"All Day Led","article_publisher":"https:\/\/www.facebook.com\/alldayled\/","article_modified_time":"2024-06-26T09:05:25+00:00","og_image":[{"url":"https:\/\/www.oudadl.testontwikkeling.nl\/wp-content\/uploads\/2024\/04\/Betaallogo-webshop.png","type":"","width":"","height":""}],"twitter_misc":{"Gesch\u00e4tzte Lesezeit":"2\u00a0Minuten"},"schema":{"@context":"https:\/\/schema.org","@graph":[{"@type":["WebPage","CheckoutPage"],"@id":"https:\/\/www.oudadl.testontwikkeling.nl\/betalen\/","url":"https:\/\/www.oudadl.testontwikkeling.nl\/betalen\/","name":"Zahlungsm\u00f6glichkeiten - All Day LED-Beleuchtung f\u00fcr 12&amp;24 volt","isPartOf":{"@id":"https:\/\/www.oudadl.testontwikkeling.nl\/#website"},"primaryImageOfPage":{"@id":"https:\/\/www.oudadl.testontwikkeling.nl\/betalen\/#primaryimage"},"image":{"@id":"https:\/\/www.oudadl.testontwikkeling.nl\/betalen\/#primaryimage"},"thumbnailUrl":"https:\/\/www.oudadl.testontwikkeling.nl\/wp-content\/uploads\/2024\/04\/Betaallogo-webshop.png","datePublished":"2020-03-16T13:18:24+00:00","dateModified":"2024-06-26T09:05:25+00:00","description":"Zahlungsoptionen All Day Led - Bezahlen Sie sicher online mit einer unserer Zahlungsoptionen - iDeal - PayPal - Kreditkarte","breadcrumb":{"@id":"https:\/\/www.oudadl.testontwikkeling.nl\/betalen\/#breadcrumb"},"inLanguage":"de","potentialAction":[{"@type":"ReadAction","target":["https:\/\/www.oudadl.testontwikkeling.nl\/betalen\/"]}]},{"@type":"ImageObject","inLanguage":"de","@id":"https:\/\/www.oudadl.testontwikkeling.nl\/betalen\/#primaryimage","url":"https:\/\/www.oudadl.testontwikkeling.nl\/wp-content\/uploads\/2024\/04\/Betaallogo-webshop.png","contentUrl":"https:\/\/www.oudadl.testontwikkeling.nl\/wp-content\/uploads\/2024\/04\/Betaallogo-webshop.png"},{"@type":"BreadcrumbList","@id":"https:\/\/www.oudadl.testontwikkeling.nl\/betalen\/#breadcrumb","itemListElement":[{"@type":"ListItem","position":1,"name":"Home","item":"https:\/\/www.oudadl.testontwikkeling.nl\/"},{"@type":"ListItem","position":2,"name":"Betaalmethoden"}]},{"@type":"WebSite","@id":"https:\/\/www.oudadl.testontwikkeling.nl\/#website","url":"https:\/\/www.oudadl.testontwikkeling.nl\/","name":"All Day Led","description":"","publisher":{"@id":"https:\/\/www.oudadl.testontwikkeling.nl\/#organization"},"potentialAction":[{"@type":"SearchAction","target":{"@type":"EntryPoint","urlTemplate":"https:\/\/www.oudadl.testontwikkeling.nl\/?s={search_term_string}"},"query-input":{"@type":"PropertyValueSpecification","valueRequired":true,"valueName":"search_term_string"}}],"inLanguage":"de"},{"@type":"Organization","@id":"https:\/\/www.oudadl.testontwikkeling.nl\/#organization","name":"All Day Led","url":"https:\/\/www.oudadl.testontwikkeling.nl\/","logo":{"@type":"ImageObject","inLanguage":"de","@id":"https:\/\/www.oudadl.testontwikkeling.nl\/#\/schema\/logo\/image\/","url":"https:\/\/www.oudadl.testontwikkeling.nl\/wp-content\/uploads\/2022\/08\/Logo-ALL-DAY-LED-800x800-zwart-witte-letters.png","contentUrl":"https:\/\/www.oudadl.testontwikkeling.nl\/wp-content\/uploads\/2022\/08\/Logo-ALL-DAY-LED-800x800-zwart-witte-letters.png","width":800,"height":800,"caption":"All Day Led"},"image":{"@id":"https:\/\/www.oudadl.testontwikkeling.nl\/#\/schema\/logo\/image\/"},"sameAs":["https:\/\/www.facebook.com\/alldayled\/","https:\/\/www.instagram.com\/alldayled\/"],"vatID":"NL863960133B01","taxID":"86416545","hasMerchantReturnPolicy":{"@type":"MerchantReturnPolicy","merchantReturnLink":"https:\/\/www.oudadl.testontwikkeling.nl\/de\/verzenden-retourneren\/"}}]}},"_links":{"self":[{"href":"https:\/\/www.oudadl.testontwikkeling.nl\/de\/wp-json\/wp\/v2\/pages\/326","targetHints":{"allow":["GET"]}}],"collection":[{"href":"https:\/\/www.oudadl.testontwikkeling.nl\/de\/wp-json\/wp\/v2\/pages"}],"about":[{"href":"https:\/\/www.oudadl.testontwikkeling.nl\/de\/wp-json\/wp\/v2\/types\/page"}],"author":[{"embeddable":true,"href":"https:\/\/www.oudadl.testontwikkeling.nl\/de\/wp-json\/wp\/v2\/users\/7"}],"replies":[{"embeddable":true,"href":"https:\/\/www.oudadl.testontwikkeling.nl\/de\/wp-json\/wp\/v2\/comments?post=326"}],"version-history":[{"count":12,"href":"https:\/\/www.oudadl.testontwikkeling.nl\/de\/wp-json\/wp\/v2\/pages\/326\/revisions"}],"predecessor-version":[{"id":46749,"href":"https:\/\/www.oudadl.testontwikkeling.nl\/de\/wp-json\/wp\/v2\/pages\/326\/revisions\/46749"}],"wp:attachment":[{"href":"https:\/\/www.oudadl.testontwikkeling.nl\/de\/wp-json\/wp\/v2\/media?parent=326"}],"curies":[{"name":"wp","href":"https:\/\/api.w.org\/{rel}","templated":true}]}}